{"id":977,"date":"2021-03-02T10:42:19","date_gmt":"2021-03-02T15:42:19","guid":{"rendered":"http:\/\/protocolo.asambleanacional.gob.ec\/?page_id=977"},"modified":"2021-11-19T10:45:37","modified_gmt":"2021-11-19T15:45:37","slug":"urbanidad-2","status":"publish","type":"page","link":"https:\/\/protocolo.asambleanacional.gob.ec\/?page_id=977","title":{"rendered":"Urbanidad"},"content":{"rendered":"\t\t<div data-elementor-type=\"wp-page\" data-elementor-id=\"977\" class=\"elementor elementor-977\">\n\t\t\t\t\t\t<section class=\"elementor-section elementor-top-section elementor-element elementor-element-52b8086 elementor-section-stretched elementor-section-boxed elementor-section-height-default elementor-section-height-default\" data-id=\"52b8086\" data-element_type=\"section\" data-settings=\"{&quot;stretch_section&quot;:&quot;section-stretched&quot;}\">\n\t\t\t\t\t\t<div class=\"elementor-container elementor-column-gap-default\">\n\t\t\t\t\t<div class=\"elementor-column elementor-col-100 elementor-top-column elementor-element elementor-element-fd37f16\" data-id=\"fd37f16\" data-element_type=\"column\">\n\t\t\t<div class=\"elementor-widget-wrap elementor-element-populated\">\n\t\t\t\t\t\t<div class=\"elementor-element elementor-element-5e8ca1e elementor-widget elementor-widget-image\" data-id=\"5e8ca1e\" data-element_type=\"widget\" data-widget_type=\"image.default\">\n\t\t\t\t<div class=\"elementor-widget-container\">\n\t\t\t\t\t\t\t\t\t\t\t\t\t<img fetchpriority=\"high\" decoding=\"async\" width=\"800\" height=\"504\" src=\"https:\/\/protocolo.asambleanacional.gob.ec\/wp-content\/uploads\/2021\/11\/saludos-manos2.jpeg\" class=\"attachment-2048x2048 size-2048x2048 wp-image-1183\" alt=\"\" srcset=\"https:\/\/protocolo.asambleanacional.gob.ec\/wp-content\/uploads\/2021\/11\/saludos-manos2.jpeg 800w, https:\/\/protocolo.asambleanacional.gob.ec\/wp-content\/uploads\/2021\/11\/saludos-manos2-300x189.jpeg 300w, https:\/\/protocolo.asambleanacional.gob.ec\/wp-content\/uploads\/2021\/11\/saludos-manos2-768x484.jpeg 768w\" sizes=\"(max-width: 800px) 100vw, 800px\" \/>\t\t\t\t\t\t\t\t\t\t\t\t\t<\/div>\n\t\t\t\t<\/div>\n\t\t\t\t\t<\/div>\n\t\t<\/div>\n\t\t\t\t\t<\/div>\n\t\t<\/section>\n\t\t\t\t<section class=\"elementor-section elementor-top-section elementor-element elementor-element-3f48998b elementor-section-stretched elementor-section-boxed elementor-section-height-default elementor-section-height-default\" data-id=\"3f48998b\" data-element_type=\"section\" data-settings=\"{&quot;stretch_section&quot;:&quot;section-stretched&quot;}\">\n\t\t\t\t\t\t<div class=\"elementor-container elementor-column-gap-default\">\n\t\t\t\t\t<div class=\"elementor-column elementor-col-100 elementor-top-column elementor-element elementor-element-2d97ac55\" data-id=\"2d97ac55\" data-element_type=\"column\">\n\t\t\t<div class=\"elementor-widget-wrap elementor-element-populated\">\n\t\t\t\t\t\t<div class=\"elementor-element elementor-element-4326923c elementor-widget elementor-widget-text-editor\" data-id=\"4326923c\" data-element_type=\"widget\" data-widget_type=\"text-editor.default\">\n\t\t\t\t<div class=\"elementor-widget-container\">\n\t\t\t\t\t\t\t<p>Los humanos somos seres sociales por naturaleza. Nuestra especie no podr\u00eda existir sin tener contacto con nuestros semejantes, cabe recordar que todo comunica, no s\u00f3lo nuestras palabras sino tambi\u00e9n nuestros gestos, movimientos, y acciones; en este contexto es importante conocer normas de urbanidad como herramienta \u00fatil para que las interacciones no se den de una manera descort\u00e9s y sin buenos modales, situaci\u00f3n que afectar\u00eda nuestra percepci\u00f3n ante los dem\u00e1s.<\/p><p>Esta palabra en su etimolog\u00eda proviene del adjetivo \u201curbano = cortes\u00eda\u201d y del sufijo abstracto \u00abidad\u00bb que indica cualidad, tambi\u00e9n del lat\u00edn urbanitas \u201cciudad\u201d.<\/p><p>Es el comportamiento acorde con los buenos modales, que demuestra buena educaci\u00f3n y respeto hacia los dem\u00e1s, es muy importante tenerla en cuenta a la hora de actuar y relacionarse en sociedad, ya que aplic\u00e1ndolas se construyen v\u00ednculos duraderos y respetuosos.<\/p><p>A trav\u00e9s de estas normas sociales, las personas son responsables de la convivencia con la comunidad, el cuidado de los espacios naturales y de los lugares p\u00fablicos.<\/p>\t\t\t\t\t\t<\/div>\n\t\t\t\t<\/div>\n\t\t\t\t\t<\/div>\n\t\t<\/div>\n\t\t\t\t\t<\/div>\n\t\t<\/section>\n\t\t\t\t<\/div>\n\t\t","protected":false},"excerpt":{"rendered":"<p>Los humanos somos seres sociales por naturaleza. Nuestra especie no podr\u00eda existir sin tener contacto con nuestros semejantes, cabe recordar que todo comunica, no s\u00f3lo nuestras palabras sino tambi\u00e9n nuestros gestos, movimientos, y acciones; en este contexto es importante conocer normas de urbanidad como herramienta \u00fatil para que las interacciones no se den de una [&hellip;]<\/p>\n","protected":false},"author":1,"featured_media":0,"parent":0,"menu_order":0,"comment_status":"closed","ping_status":"closed","template":"","meta":{"footnotes":""},"class_list":["post-977","page","type-page","status-publish","hentry"],"_links":{"self":[{"href":"https:\/\/protocolo.asambleanacional.gob.ec\/index.php?rest_route=\/wp\/v2\/pages\/977"}],"collection":[{"href":"https:\/\/protocolo.asambleanacional.gob.ec\/index.php?rest_route=\/wp\/v2\/pages"}],"about":[{"href":"https:\/\/protocolo.asambleanacional.gob.ec\/index.php?rest_route=\/wp\/v2\/types\/page"}],"author":[{"embeddable":true,"href":"https:\/\/protocolo.asambleanacional.gob.ec\/index.php?rest_route=\/wp\/v2\/users\/1"}],"replies":[{"embeddable":true,"href":"https:\/\/protocolo.asambleanacional.gob.ec\/index.php?rest_route=%2Fwp%2Fv2%2Fcomments&post=977"}],"version-history":[{"count":8,"href":"https:\/\/protocolo.asambleanacional.gob.ec\/index.php?rest_route=\/wp\/v2\/pages\/977\/revisions"}],"predecessor-version":[{"id":1184,"href":"https:\/\/protocolo.asambleanacional.gob.ec\/index.php?rest_route=\/wp\/v2\/pages\/977\/revisions\/1184"}],"wp:attachment":[{"href":"https:\/\/protocolo.asambleanacional.gob.ec\/index.php?rest_route=%2Fwp%2Fv2%2Fmedia&parent=977"}],"curies":[{"name":"wp","href":"https:\/\/api.w.org\/{rel}","templated":true}]}}