{"id":2444,"date":"2024-01-29T10:15:36","date_gmt":"2024-01-29T15:15:36","guid":{"rendered":"https:\/\/protocolo.asambleanacional.gob.ec\/?page_id=2444"},"modified":"2025-06-09T08:52:36","modified_gmt":"2025-06-09T13:52:36","slug":"actividades","status":"publish","type":"page","link":"https:\/\/protocolo.asambleanacional.gob.ec\/?page_id=2444","title":{"rendered":"ACTIVIDADES"},"content":{"rendered":"\t\t<div data-elementor-type=\"wp-page\" data-elementor-id=\"2444\" class=\"elementor elementor-2444\">\n\t\t\t\t\t\t<section class=\"elementor-section elementor-top-section elementor-element elementor-element-1d03682 elementor-section-full_width elementor-section-stretched elementor-section-height-default elementor-section-height-default\" data-id=\"1d03682\" data-element_type=\"section\" data-settings=\"{&quot;stretch_section&quot;:&quot;section-stretched&quot;}\">\n\t\t\t\t\t\t<div class=\"elementor-container elementor-column-gap-default\">\n\t\t\t\t\t<div class=\"elementor-column elementor-col-33 elementor-top-column elementor-element elementor-element-1eb46ed\" data-id=\"1eb46ed\" data-element_type=\"column\">\n\t\t\t<div class=\"elementor-widget-wrap elementor-element-populated\">\n\t\t\t\t\t\t<div class=\"elementor-element elementor-element-2c74a5a elementor-position-top elementor-widget elementor-widget-image-box\" data-id=\"2c74a5a\" data-element_type=\"widget\" data-widget_type=\"image-box.default\">\n\t\t\t\t<div class=\"elementor-widget-container\">\n\t\t\t<div class=\"elementor-image-box-wrapper\"><figure class=\"elementor-image-box-img\"><a href=\"https:\/\/protocolo.asambleanacional.gob.ec\/\" tabindex=\"-1\"><img decoding=\"async\" width=\"202\" height=\"49\" src=\"https:\/\/protocolo.asambleanacional.gob.ec\/wp-content\/uploads\/2025\/06\/Logo-20252.jpeg\" class=\"attachment-full size-full wp-image-4045\" alt=\"\" \/><\/a><\/figure><\/div>\t\t<\/div>\n\t\t\t\t<\/div>\n\t\t\t\t\t<\/div>\n\t\t<\/div>\n\t\t\t\t<div class=\"elementor-column elementor-col-66 elementor-top-column elementor-element elementor-element-7d656e2\" data-id=\"7d656e2\" data-element_type=\"column\">\n\t\t\t<div class=\"elementor-widget-wrap elementor-element-populated\">\n\t\t\t\t\t\t<div class=\"elementor-element elementor-element-79d91a7 elementor-nav-menu__text-align-center elementor-nav-menu--indicator-classic elementor-nav-menu--dropdown-tablet elementor-nav-menu--toggle elementor-nav-menu--burger elementor-widget elementor-widget-nav-menu\" data-id=\"79d91a7\" data-element_type=\"widget\" data-settings=\"{&quot;layout&quot;:&quot;horizontal&quot;,&quot;toggle&quot;:&quot;burger&quot;}\" data-widget_type=\"nav-menu.default\">\n\t\t\t\t<div class=\"elementor-widget-container\">\n\t\t\t\t\t\t<nav role=\"navigation\" class=\"elementor-nav-menu--main elementor-nav-menu__container elementor-nav-menu--layout-horizontal e--pointer-none\"><ul id=\"menu-1-79d91a7\" class=\"elementor-nav-menu\"><li class=\"menu-item menu-item-type-post_type menu-item-object-page menu-item-home menu-item-1743\"><a href=\"https:\/\/protocolo.asambleanacional.gob.ec\/\" class=\"elementor-item\">Inicio<\/a><\/li>\n<li class=\"menu-item menu-item-type-post_type menu-item-object-page menu-item-has-children menu-item-1244\"><a href=\"https:\/\/protocolo.asambleanacional.gob.ec\/?page_id=1222\" class=\"elementor-item\">Qui\u00e9nes SOMOS<\/a>\n<ul class=\"sub-menu elementor-nav-menu--dropdown\">\n\t<li class=\"menu-item menu-item-type-post_type menu-item-object-page menu-item-has-children menu-item-2449\"><a href=\"https:\/\/protocolo.asambleanacional.gob.ec\/?page_id=2444\" class=\"elementor-sub-item\">ACTIVIDADES<\/a>\n\t<ul class=\"sub-menu elementor-nav-menu--dropdown\">\n\t\t<li class=\"menu-item menu-item-type-post_type menu-item-object-page menu-item-1678\"><a href=\"https:\/\/protocolo.asambleanacional.gob.ec\/?page_id=1657\" class=\"elementor-sub-item\">Asesor\u00edas<\/a><\/li>\n\t\t<li class=\"menu-item menu-item-type-post_type menu-item-object-page menu-item-1677\"><a href=\"https:\/\/protocolo.asambleanacional.gob.ec\/?page_id=1666\" class=\"elementor-sub-item\">Capacitaciones<\/a><\/li>\n\t\t<li class=\"menu-item menu-item-type-post_type menu-item-object-page menu-item-1676\"><a href=\"https:\/\/protocolo.asambleanacional.gob.ec\/?page_id=1671\" class=\"elementor-sub-item\">Organizaci\u00f3n<\/a><\/li>\n\t\t<li class=\"menu-item menu-item-type-post_type menu-item-object-page menu-item-2552\"><a href=\"https:\/\/protocolo.asambleanacional.gob.ec\/?page_id=2547\" class=\"elementor-sub-item\">Ceremonial Y Etiqueta<\/a><\/li>\n\t\t<li class=\"menu-item menu-item-type-post_type menu-item-object-page menu-item-2600\"><a href=\"https:\/\/protocolo.asambleanacional.gob.ec\/?page_id=2595\" class=\"elementor-sub-item\">Coordinaci\u00f3n y Planificaci\u00f3n<\/a><\/li>\n\t<\/ul>\n<\/li>\n\t<li class=\"menu-item menu-item-type-post_type menu-item-object-page menu-item-has-children menu-item-651\"><a href=\"https:\/\/protocolo.asambleanacional.gob.ec\/?page_id=648\" class=\"elementor-sub-item\">Equipo de la Coordinaci\u00f3n<\/a>\n\t<ul class=\"sub-menu elementor-nav-menu--dropdown\">\n\t\t<li class=\"menu-item menu-item-type-custom menu-item-object-custom menu-item-has-children menu-item-1207\"><a href=\"#\" class=\"elementor-sub-item elementor-item-anchor\">Nuestro Servicios<\/a>\n\t\t<ul class=\"sub-menu elementor-nav-menu--dropdown\">\n\t\t\t<li class=\"menu-item menu-item-type-post_type menu-item-object-page menu-item-2399\"><a href=\"https:\/\/protocolo.asambleanacional.gob.ec\/?page_id=2386\" class=\"elementor-sub-item\">Atribuciones<\/a><\/li>\n\t\t\t<li class=\"menu-item menu-item-type-post_type menu-item-object-page menu-item-1090\"><a href=\"https:\/\/protocolo.asambleanacional.gob.ec\/?page_id=1063\" class=\"elementor-sub-item\">Informaci\u00f3n sobre salones de eventos<\/a><\/li>\n\t\t<\/ul>\n<\/li>\n\t<\/ul>\n<\/li>\n<\/ul>\n<\/li>\n<li class=\"menu-item menu-item-type-post_type menu-item-object-page menu-item-2096\"><a href=\"https:\/\/protocolo.asambleanacional.gob.ec\/?page_id=2053\" class=\"elementor-item\">Conoce m\u00e1s sobre protocolo<\/a><\/li>\n<li class=\"menu-item menu-item-type-post_type menu-item-object-page menu-item-3182\"><a href=\"https:\/\/protocolo.asambleanacional.gob.ec\/?page_id=2444\" class=\"elementor-item\">Actividades<\/a><\/li>\n<li class=\"menu-item menu-item-type-post_type menu-item-object-page menu-item-2826\"><a href=\"https:\/\/protocolo.asambleanacional.gob.ec\/?page_id=2821\" class=\"elementor-item\">Arte y Simbolismo<\/a><\/li>\n<li class=\"menu-item menu-item-type-post_type menu-item-object-page menu-item-1741\"><a href=\"https:\/\/protocolo.asambleanacional.gob.ec\/?page_id=1683\" class=\"elementor-item\">Galer\u00eda<\/a><\/li>\n<li class=\"menu-item menu-item-type-post_type menu-item-object-page menu-item-647\"><a href=\"https:\/\/protocolo.asambleanacional.gob.ec\/?page_id=640\" class=\"elementor-item\">Reglamentos<\/a><\/li>\n<li class=\"menu-item menu-item-type-post_type menu-item-object-page menu-item-658\"><a href=\"https:\/\/protocolo.asambleanacional.gob.ec\/?page_id=143\" class=\"elementor-item\">Contacto<\/a><\/li>\n<\/ul><\/nav>\n\t\t\t\t\t<div class=\"elementor-menu-toggle\" role=\"button\" tabindex=\"0\" aria-label=\"Menu Toggle\" aria-expanded=\"false\">\n\t\t\t<i class=\"eicon-menu-bar\" aria-hidden=\"true\"><\/i>\n\t\t\t<span class=\"elementor-screen-only\">Menu<\/span>\n\t\t<\/div>\n\t\t\t<nav class=\"elementor-nav-menu--dropdown elementor-nav-menu__container\" role=\"navigation\" aria-hidden=\"true\"><ul id=\"menu-2-79d91a7\" class=\"elementor-nav-menu\"><li class=\"menu-item menu-item-type-post_type menu-item-object-page menu-item-home menu-item-1743\"><a href=\"https:\/\/protocolo.asambleanacional.gob.ec\/\" class=\"elementor-item\">Inicio<\/a><\/li>\n<li class=\"menu-item menu-item-type-post_type menu-item-object-page menu-item-has-children menu-item-1244\"><a href=\"https:\/\/protocolo.asambleanacional.gob.ec\/?page_id=1222\" class=\"elementor-item\">Qui\u00e9nes SOMOS<\/a>\n<ul class=\"sub-menu elementor-nav-menu--dropdown\">\n\t<li class=\"menu-item menu-item-type-post_type menu-item-object-page menu-item-has-children menu-item-2449\"><a href=\"https:\/\/protocolo.asambleanacional.gob.ec\/?page_id=2444\" class=\"elementor-sub-item\">ACTIVIDADES<\/a>\n\t<ul class=\"sub-menu elementor-nav-menu--dropdown\">\n\t\t<li class=\"menu-item menu-item-type-post_type menu-item-object-page menu-item-1678\"><a href=\"https:\/\/protocolo.asambleanacional.gob.ec\/?page_id=1657\" class=\"elementor-sub-item\">Asesor\u00edas<\/a><\/li>\n\t\t<li class=\"menu-item menu-item-type-post_type menu-item-object-page menu-item-1677\"><a href=\"https:\/\/protocolo.asambleanacional.gob.ec\/?page_id=1666\" class=\"elementor-sub-item\">Capacitaciones<\/a><\/li>\n\t\t<li class=\"menu-item menu-item-type-post_type menu-item-object-page menu-item-1676\"><a href=\"https:\/\/protocolo.asambleanacional.gob.ec\/?page_id=1671\" class=\"elementor-sub-item\">Organizaci\u00f3n<\/a><\/li>\n\t\t<li class=\"menu-item menu-item-type-post_type menu-item-object-page menu-item-2552\"><a href=\"https:\/\/protocolo.asambleanacional.gob.ec\/?page_id=2547\" class=\"elementor-sub-item\">Ceremonial Y Etiqueta<\/a><\/li>\n\t\t<li class=\"menu-item menu-item-type-post_type menu-item-object-page menu-item-2600\"><a href=\"https:\/\/protocolo.asambleanacional.gob.ec\/?page_id=2595\" class=\"elementor-sub-item\">Coordinaci\u00f3n y Planificaci\u00f3n<\/a><\/li>\n\t<\/ul>\n<\/li>\n\t<li class=\"menu-item menu-item-type-post_type menu-item-object-page menu-item-has-children menu-item-651\"><a href=\"https:\/\/protocolo.asambleanacional.gob.ec\/?page_id=648\" class=\"elementor-sub-item\">Equipo de la Coordinaci\u00f3n<\/a>\n\t<ul class=\"sub-menu elementor-nav-menu--dropdown\">\n\t\t<li class=\"menu-item menu-item-type-custom menu-item-object-custom menu-item-has-children menu-item-1207\"><a href=\"#\" class=\"elementor-sub-item elementor-item-anchor\">Nuestro Servicios<\/a>\n\t\t<ul class=\"sub-menu elementor-nav-menu--dropdown\">\n\t\t\t<li class=\"menu-item menu-item-type-post_type menu-item-object-page menu-item-2399\"><a href=\"https:\/\/protocolo.asambleanacional.gob.ec\/?page_id=2386\" class=\"elementor-sub-item\">Atribuciones<\/a><\/li>\n\t\t\t<li class=\"menu-item menu-item-type-post_type menu-item-object-page menu-item-1090\"><a href=\"https:\/\/protocolo.asambleanacional.gob.ec\/?page_id=1063\" class=\"elementor-sub-item\">Informaci\u00f3n sobre salones de eventos<\/a><\/li>\n\t\t<\/ul>\n<\/li>\n\t<\/ul>\n<\/li>\n<\/ul>\n<\/li>\n<li class=\"menu-item menu-item-type-post_type menu-item-object-page menu-item-2096\"><a href=\"https:\/\/protocolo.asambleanacional.gob.ec\/?page_id=2053\" class=\"elementor-item\">Conoce m\u00e1s sobre protocolo<\/a><\/li>\n<li class=\"menu-item menu-item-type-post_type menu-item-object-page menu-item-3182\"><a href=\"https:\/\/protocolo.asambleanacional.gob.ec\/?page_id=2444\" class=\"elementor-item\">Actividades<\/a><\/li>\n<li class=\"menu-item menu-item-type-post_type menu-item-object-page menu-item-2826\"><a href=\"https:\/\/protocolo.asambleanacional.gob.ec\/?page_id=2821\" class=\"elementor-item\">Arte y Simbolismo<\/a><\/li>\n<li class=\"menu-item menu-item-type-post_type menu-item-object-page menu-item-1741\"><a href=\"https:\/\/protocolo.asambleanacional.gob.ec\/?page_id=1683\" class=\"elementor-item\">Galer\u00eda<\/a><\/li>\n<li class=\"menu-item menu-item-type-post_type menu-item-object-page menu-item-647\"><a href=\"https:\/\/protocolo.asambleanacional.gob.ec\/?page_id=640\" class=\"elementor-item\">Reglamentos<\/a><\/li>\n<li class=\"menu-item menu-item-type-post_type menu-item-object-page menu-item-658\"><a href=\"https:\/\/protocolo.asambleanacional.gob.ec\/?page_id=143\" class=\"elementor-item\">Contacto<\/a><\/li>\n<\/ul><\/nav>\n\t\t\t\t<\/div>\n\t\t\t\t<\/div>\n\t\t\t\t\t<\/div>\n\t\t<\/div>\n\t\t\t\t\t<\/div>\n\t\t<\/section>\n\t\t\t\t<section class=\"elementor-section elementor-top-section elementor-element elementor-element-6c22598 elementor-section-boxed elementor-section-height-default elementor-section-height-default\" data-id=\"6c22598\" data-element_type=\"section\">\n\t\t\t\t\t\t<div class=\"elementor-container elementor-column-gap-default\">\n\t\t\t\t\t<div class=\"elementor-column elementor-col-100 elementor-top-column elementor-element elementor-element-3569425\" data-id=\"3569425\" data-element_type=\"column\">\n\t\t\t<div class=\"elementor-widget-wrap elementor-element-populated\">\n\t\t\t\t\t\t<div class=\"elementor-element elementor-element-233644b elementor-widget elementor-widget-heading\" data-id=\"233644b\" data-element_type=\"widget\" data-widget_type=\"heading.default\">\n\t\t\t\t<div class=\"elementor-widget-container\">\n\t\t\t<h2 class=\"elementor-heading-title elementor-size-default\">\"En cada detalle, protocolo; en cada evento, excelencia\". <\/h2>\t\t<\/div>\n\t\t\t\t<\/div>\n\t\t\t\t\t<\/div>\n\t\t<\/div>\n\t\t\t\t\t<\/div>\n\t\t<\/section>\n\t\t\t\t<section class=\"elementor-section elementor-top-section elementor-element elementor-element-365fa3fc elementor-section-boxed elementor-section-height-default elementor-section-height-default\" data-id=\"365fa3fc\" data-element_type=\"section\">\n\t\t\t\t\t\t<div class=\"elementor-container elementor-column-gap-default\">\n\t\t\t\t\t<div class=\"elementor-column elementor-col-100 elementor-top-column elementor-element elementor-element-471e84d6\" data-id=\"471e84d6\" data-element_type=\"column\">\n\t\t\t<div class=\"elementor-widget-wrap elementor-element-populated\">\n\t\t\t\t\t\t<div class=\"elementor-element elementor-element-2480fa36 elementor-widget elementor-widget-heading\" data-id=\"2480fa36\" data-element_type=\"widget\" data-widget_type=\"heading.default\">\n\t\t\t\t<div class=\"elementor-widget-container\">\n\t\t\t<h2 class=\"elementor-heading-title elementor-size-default\">\u00bfQu\u00e9 actividades realiza protocolo?<\/h2>\t\t<\/div>\n\t\t\t\t<\/div>\n\t\t\t\t\t<\/div>\n\t\t<\/div>\n\t\t\t\t\t<\/div>\n\t\t<\/section>\n\t\t\t\t<section class=\"elementor-section elementor-top-section elementor-element elementor-element-1ba96825 elementor-section-boxed elementor-section-height-default elementor-section-height-default\" data-id=\"1ba96825\" data-element_type=\"section\">\n\t\t\t\t\t\t<div class=\"elementor-container elementor-column-gap-default\">\n\t\t\t\t\t<div class=\"elementor-column elementor-col-100 elementor-top-column elementor-element elementor-element-57c157e7\" data-id=\"57c157e7\" data-element_type=\"column\">\n\t\t\t<div class=\"elementor-widget-wrap elementor-element-populated\">\n\t\t\t\t\t\t<div class=\"elementor-element elementor-element-286c6948 elementor-widget elementor-widget-text-editor\" data-id=\"286c6948\" data-element_type=\"widget\" data-widget_type=\"text-editor.default\">\n\t\t\t\t<div class=\"elementor-widget-container\">\n\t\t\t\t\t\t\t<p>Con una adecuada gesti\u00f3n, Protocolo realiza la producci\u00f3n y creaci\u00f3n de entornos que convierten a los eventos o actos en una excelente herramienta estrat\u00e9gica que transmite un mensaje a trav\u00e9s de la ceremonia, brindando cercan\u00eda con relaci\u00f3n entre autoridades y diversos p\u00fablicos a nivel nacional o internacional.<\/p>\n<p><\/p>\t\t\t\t\t\t<\/div>\n\t\t\t\t<\/div>\n\t\t\t\t\t<\/div>\n\t\t<\/div>\n\t\t\t\t\t<\/div>\n\t\t<\/section>\n\t\t\t\t<section class=\"elementor-section elementor-top-section elementor-element elementor-element-98d4b75 elementor-section-boxed elementor-section-height-default elementor-section-height-default\" data-id=\"98d4b75\" data-element_type=\"section\">\n\t\t\t\t\t\t<div class=\"elementor-container elementor-column-gap-default\">\n\t\t\t\t\t<div class=\"elementor-column elementor-col-100 elementor-top-column elementor-element elementor-element-6ef982c\" data-id=\"6ef982c\" data-element_type=\"column\">\n\t\t\t<div class=\"elementor-widget-wrap elementor-element-populated\">\n\t\t\t\t\t\t<div class=\"elementor-element elementor-element-a8b350b elementor-widget elementor-widget-image\" data-id=\"a8b350b\" data-element_type=\"widget\" data-widget_type=\"image.default\">\n\t\t\t\t<div class=\"elementor-widget-container\">\n\t\t\t\t\t\t\t\t\t\t\t\t\t<img fetchpriority=\"high\" decoding=\"async\" width=\"800\" height=\"480\" src=\"https:\/\/protocolo.asambleanacional.gob.ec\/wp-content\/uploads\/2024\/01\/WhatsApp-Image-2024-01-29-at-15.46.59.jpeg\" class=\"attachment-large size-large wp-image-2525\" alt=\"\" srcset=\"https:\/\/protocolo.asambleanacional.gob.ec\/wp-content\/uploads\/2024\/01\/WhatsApp-Image-2024-01-29-at-15.46.59.jpeg 1024w, https:\/\/protocolo.asambleanacional.gob.ec\/wp-content\/uploads\/2024\/01\/WhatsApp-Image-2024-01-29-at-15.46.59-300x180.jpeg 300w, https:\/\/protocolo.asambleanacional.gob.ec\/wp-content\/uploads\/2024\/01\/WhatsApp-Image-2024-01-29-at-15.46.59-768x461.jpeg 768w\" sizes=\"(max-width: 800px) 100vw, 800px\" \/>\t\t\t\t\t\t\t\t\t\t\t\t\t<\/div>\n\t\t\t\t<\/div>\n\t\t\t\t<div class=\"elementor-element elementor-element-8b7582a elementor-list-item-link-inline elementor-align-center elementor-icon-list--layout-traditional elementor-widget elementor-widget-icon-list\" data-id=\"8b7582a\" data-element_type=\"widget\" data-widget_type=\"icon-list.default\">\n\t\t\t\t<div class=\"elementor-widget-container\">\n\t\t\t\t\t<ul class=\"elementor-icon-list-items\">\n\t\t\t\t\t\t\t<li class=\"elementor-icon-list-item\">\n\t\t\t\t\t\t\t\t\t\t\t<a href=\"https:\/\/protocolo.asambleanacional.gob.ec\/?page_id=1666\">\n\n\t\t\t\t\t\t\t\t\t\t\t<span class=\"elementor-icon-list-text\">Capacitaciones<\/span>\n\t\t\t\t\t\t\t\t\t\t\t<\/a>\n\t\t\t\t\t\t\t\t\t<\/li>\n\t\t\t\t\t\t\t\t<li class=\"elementor-icon-list-item\">\n\t\t\t\t\t\t\t\t\t\t\t<a href=\"https:\/\/protocolo.asambleanacional.gob.ec\/?page_id=1657\">\n\n\t\t\t\t\t\t\t\t\t\t\t<span class=\"elementor-icon-list-text\">Asesorias<\/span>\n\t\t\t\t\t\t\t\t\t\t\t<\/a>\n\t\t\t\t\t\t\t\t\t<\/li>\n\t\t\t\t\t\t\t\t<li class=\"elementor-icon-list-item\">\n\t\t\t\t\t\t\t\t\t\t\t<a href=\"https:\/\/protocolo.asambleanacional.gob.ec\/?page_id=1671\">\n\n\t\t\t\t\t\t\t\t\t\t\t<span class=\"elementor-icon-list-text\">Organizaci\u00f3n<\/span>\n\t\t\t\t\t\t\t\t\t\t\t<\/a>\n\t\t\t\t\t\t\t\t\t<\/li>\n\t\t\t\t\t\t\t\t<li class=\"elementor-icon-list-item\">\n\t\t\t\t\t\t\t\t\t\t\t<a href=\"https:\/\/protocolo.asambleanacional.gob.ec\/?page_id=2547\">\n\n\t\t\t\t\t\t\t\t\t\t\t<span class=\"elementor-icon-list-text\">Ceremonial y Etiqueta<\/span>\n\t\t\t\t\t\t\t\t\t\t\t<\/a>\n\t\t\t\t\t\t\t\t\t<\/li>\n\t\t\t\t\t\t\t\t<li class=\"elementor-icon-list-item\">\n\t\t\t\t\t\t\t\t\t\t\t<a href=\"https:\/\/protocolo.asambleanacional.gob.ec\/?page_id=2595\">\n\n\t\t\t\t\t\t\t\t\t\t\t<span class=\"elementor-icon-list-text\">Coordinaci\u00f3n y Planificaci\u00f3n<\/span>\n\t\t\t\t\t\t\t\t\t\t\t<\/a>\n\t\t\t\t\t\t\t\t\t<\/li>\n\t\t\t\t\t\t<\/ul>\n\t\t\t\t<\/div>\n\t\t\t\t<\/div>\n\t\t\t\t\t<\/div>\n\t\t<\/div>\n\t\t\t\t\t<\/div>\n\t\t<\/section>\n\t\t\t\t<section class=\"elementor-section elementor-top-section elementor-element elementor-element-d112f2a elementor-section-boxed elementor-section-height-default elementor-section-height-default\" data-id=\"d112f2a\" data-element_type=\"section\">\n\t\t\t\t\t\t<div class=\"elementor-container elementor-column-gap-default\">\n\t\t\t\t\t<div class=\"elementor-column elementor-col-100 elementor-top-column elementor-element elementor-element-b6e3835\" data-id=\"b6e3835\" data-element_type=\"column\">\n\t\t\t<div class=\"elementor-widget-wrap\">\n\t\t\t\t\t\t\t<\/div>\n\t\t<\/div>\n\t\t\t\t\t<\/div>\n\t\t<\/section>\n\t\t\t\t<section class=\"elementor-section elementor-top-section elementor-element elementor-element-78ec67e elementor-section-boxed elementor-section-height-default elementor-section-height-default\" data-id=\"78ec67e\" data-element_type=\"section\">\n\t\t\t\t\t\t<div class=\"elementor-container elementor-column-gap-default\">\n\t\t\t\t\t<div class=\"elementor-column elementor-col-100 elementor-top-column elementor-element elementor-element-a3ff5a7\" data-id=\"a3ff5a7\" data-element_type=\"column\">\n\t\t\t<div class=\"elementor-widget-wrap elementor-element-populated\">\n\t\t\t\t\t\t<div class=\"elementor-element elementor-element-78aae55 elementor-widget-divider--view-line elementor-widget elementor-widget-divider\" data-id=\"78aae55\" data-element_type=\"widget\" data-widget_type=\"divider.default\">\n\t\t\t\t<div class=\"elementor-widget-container\">\n\t\t\t\t\t<div class=\"elementor-divider\">\n\t\t\t<span class=\"elementor-divider-separator\">\n\t\t\t\t\t\t<\/span>\n\t\t<\/div>\n\t\t\t\t<\/div>\n\t\t\t\t<\/div>\n\t\t\t\t<div class=\"elementor-element elementor-element-cb56079 elementor-widget elementor-widget-heading\" data-id=\"cb56079\" data-element_type=\"widget\" data-widget_type=\"heading.default\">\n\t\t\t\t<div class=\"elementor-widget-container\">\n\t\t\t<h2 class=\"elementor-heading-title elementor-size-default\">Conoce las actividades que realiza protocolo dentro del sal\u00f3n plenario Nela Mart\u00ednez<\/h2>\t\t<\/div>\n\t\t\t\t<\/div>\n\t\t\t\t\t<\/div>\n\t\t<\/div>\n\t\t\t\t\t<\/div>\n\t\t<\/section>\n\t\t\t\t<section class=\"elementor-section elementor-top-section elementor-element elementor-element-885beff elementor-section-boxed elementor-section-height-default elementor-section-height-default\" data-id=\"885beff\" data-element_type=\"section\">\n\t\t\t\t\t\t<div class=\"elementor-container elementor-column-gap-default\">\n\t\t\t\t\t<div class=\"elementor-column elementor-col-66 elementor-top-column elementor-element elementor-element-26f908a\" data-id=\"26f908a\" data-element_type=\"column\">\n\t\t\t<div class=\"elementor-widget-wrap elementor-element-populated\">\n\t\t\t\t\t\t<div class=\"elementor-element elementor-element-9f0e027 elementor-widget elementor-widget-image\" data-id=\"9f0e027\" data-element_type=\"widget\" data-widget_type=\"image.default\">\n\t\t\t\t<div class=\"elementor-widget-container\">\n\t\t\t\t\t\t\t\t\t\t\t\t\t<img decoding=\"async\" width=\"800\" height=\"534\" src=\"https:\/\/protocolo.asambleanacional.gob.ec\/wp-content\/uploads\/2025\/01\/52094842277_23f5d99556_o-1024x683.jpg\" class=\"attachment-large size-large wp-image-3766\" alt=\"\" srcset=\"https:\/\/protocolo.asambleanacional.gob.ec\/wp-content\/uploads\/2025\/01\/52094842277_23f5d99556_o-1024x683.jpg 1024w, https:\/\/protocolo.asambleanacional.gob.ec\/wp-content\/uploads\/2025\/01\/52094842277_23f5d99556_o-300x200.jpg 300w, https:\/\/protocolo.asambleanacional.gob.ec\/wp-content\/uploads\/2025\/01\/52094842277_23f5d99556_o-768x512.jpg 768w, https:\/\/protocolo.asambleanacional.gob.ec\/wp-content\/uploads\/2025\/01\/52094842277_23f5d99556_o-1536x1024.jpg 1536w, https:\/\/protocolo.asambleanacional.gob.ec\/wp-content\/uploads\/2025\/01\/52094842277_23f5d99556_o-2048x1365.jpg 2048w\" sizes=\"(max-width: 800px) 100vw, 800px\" \/>\t\t\t\t\t\t\t\t\t\t\t\t\t<\/div>\n\t\t\t\t<\/div>\n\t\t\t\t\t<\/div>\n\t\t<\/div>\n\t\t\t\t<div class=\"elementor-column elementor-col-33 elementor-top-column elementor-element elementor-element-1f0ab80\" data-id=\"1f0ab80\" data-element_type=\"column\">\n\t\t\t<div class=\"elementor-widget-wrap elementor-element-populated\">\n\t\t\t\t\t\t<div class=\"elementor-element elementor-element-8f34be1 elementor-widget elementor-widget-image\" data-id=\"8f34be1\" data-element_type=\"widget\" data-widget_type=\"image.default\">\n\t\t\t\t<div class=\"elementor-widget-container\">\n\t\t\t\t\t\t\t\t\t\t\t\t\t<img loading=\"lazy\" decoding=\"async\" width=\"800\" height=\"534\" src=\"https:\/\/protocolo.asambleanacional.gob.ec\/wp-content\/uploads\/2025\/05\/53743141411_fb570182a9_o-1024x683.jpg\" class=\"attachment-large size-large wp-image-3927\" alt=\"\" srcset=\"https:\/\/protocolo.asambleanacional.gob.ec\/wp-content\/uploads\/2025\/05\/53743141411_fb570182a9_o-1024x683.jpg 1024w, https:\/\/protocolo.asambleanacional.gob.ec\/wp-content\/uploads\/2025\/05\/53743141411_fb570182a9_o-300x200.jpg 300w, https:\/\/protocolo.asambleanacional.gob.ec\/wp-content\/uploads\/2025\/05\/53743141411_fb570182a9_o-768x512.jpg 768w, https:\/\/protocolo.asambleanacional.gob.ec\/wp-content\/uploads\/2025\/05\/53743141411_fb570182a9_o-1536x1024.jpg 1536w, https:\/\/protocolo.asambleanacional.gob.ec\/wp-content\/uploads\/2025\/05\/53743141411_fb570182a9_o-2048x1365.jpg 2048w\" sizes=\"(max-width: 800px) 100vw, 800px\" \/>\t\t\t\t\t\t\t\t\t\t\t\t\t<\/div>\n\t\t\t\t<\/div>\n\t\t\t\t<div class=\"elementor-element elementor-element-d39fed1 elementor-widget__width-initial elementor-widget elementor-widget-image\" data-id=\"d39fed1\" data-element_type=\"widget\" data-widget_type=\"image.default\">\n\t\t\t\t<div class=\"elementor-widget-container\">\n\t\t\t\t\t\t\t\t\t\t\t\t\t<img loading=\"lazy\" decoding=\"async\" width=\"800\" height=\"534\" src=\"https:\/\/protocolo.asambleanacional.gob.ec\/wp-content\/uploads\/2025\/05\/54520147115_f7082612dd_o-1024x683.jpg\" class=\"attachment-large size-large wp-image-3853\" alt=\"\" srcset=\"https:\/\/protocolo.asambleanacional.gob.ec\/wp-content\/uploads\/2025\/05\/54520147115_f7082612dd_o-1024x683.jpg 1024w, https:\/\/protocolo.asambleanacional.gob.ec\/wp-content\/uploads\/2025\/05\/54520147115_f7082612dd_o-300x200.jpg 300w, https:\/\/protocolo.asambleanacional.gob.ec\/wp-content\/uploads\/2025\/05\/54520147115_f7082612dd_o-768x512.jpg 768w, https:\/\/protocolo.asambleanacional.gob.ec\/wp-content\/uploads\/2025\/05\/54520147115_f7082612dd_o-1536x1024.jpg 1536w, https:\/\/protocolo.asambleanacional.gob.ec\/wp-content\/uploads\/2025\/05\/54520147115_f7082612dd_o-2048x1365.jpg 2048w\" sizes=\"(max-width: 800px) 100vw, 800px\" \/>\t\t\t\t\t\t\t\t\t\t\t\t\t<\/div>\n\t\t\t\t<\/div>\n\t\t\t\t\t<\/div>\n\t\t<\/div>\n\t\t\t\t\t<\/div>\n\t\t<\/section>\n\t\t\t\t<\/div>\n\t\t","protected":false},"excerpt":{"rendered":"<p>\u00abEn cada detalle, protocolo; en cada evento, excelencia\u00bb. \u00bfQu\u00e9 actividades realiza protocolo? Con una adecuada gesti\u00f3n, Protocolo realiza la producci\u00f3n y creaci\u00f3n de entornos que convierten a los eventos o actos en una excelente herramienta estrat\u00e9gica que transmite un mensaje a trav\u00e9s de la ceremonia, brindando cercan\u00eda con relaci\u00f3n entre autoridades y diversos p\u00fablicos a [&hellip;]<\/p>\n","protected":false},"author":2,"featured_media":0,"parent":0,"menu_order":0,"comment_status":"closed","ping_status":"closed","template":"","meta":{"footnotes":""},"class_list":["post-2444","page","type-page","status-publish","hentry"],"_links":{"self":[{"href":"https:\/\/protocolo.asambleanacional.gob.ec\/index.php?rest_route=\/wp\/v2\/pages\/2444"}],"collection":[{"href":"https:\/\/protocolo.asambleanacional.gob.ec\/index.php?rest_route=\/wp\/v2\/pages"}],"about":[{"href":"https:\/\/protocolo.asambleanacional.gob.ec\/index.php?rest_route=\/wp\/v2\/types\/page"}],"author":[{"embeddable":true,"href":"https:\/\/protocolo.asambleanacional.gob.ec\/index.php?rest_route=\/wp\/v2\/users\/2"}],"replies":[{"embeddable":true,"href":"https:\/\/protocolo.asambleanacional.gob.ec\/index.php?rest_route=%2Fwp%2Fv2%2Fcomments&post=2444"}],"version-history":[{"count":124,"href":"https:\/\/protocolo.asambleanacional.gob.ec\/index.php?rest_route=\/wp\/v2\/pages\/2444\/revisions"}],"predecessor-version":[{"id":4091,"href":"https:\/\/protocolo.asambleanacional.gob.ec\/index.php?rest_route=\/wp\/v2\/pages\/2444\/revisions\/4091"}],"wp:attachment":[{"href":"https:\/\/protocolo.asambleanacional.gob.ec\/index.php?rest_route=%2Fwp%2Fv2%2Fmedia&parent=2444"}],"curies":[{"name":"wp","href":"https:\/\/api.w.org\/{rel}","templated":true}]}}