{"id":2386,"date":"2024-01-29T08:08:38","date_gmt":"2024-01-29T13:08:38","guid":{"rendered":"https:\/\/protocolo.asambleanacional.gob.ec\/?page_id=2386"},"modified":"2024-01-29T10:01:52","modified_gmt":"2024-01-29T15:01:52","slug":"elementor-2386","status":"publish","type":"page","link":"https:\/\/protocolo.asambleanacional.gob.ec\/?page_id=2386","title":{"rendered":"Atribuciones"},"content":{"rendered":"\t\t<div data-elementor-type=\"wp-page\" data-elementor-id=\"2386\" class=\"elementor elementor-2386\">\n\t\t\t\t\t\t<section class=\"elementor-section elementor-top-section elementor-element elementor-element-7d22517f elementor-section-full_width elementor-section-stretched elementor-section-height-default elementor-section-height-default\" data-id=\"7d22517f\" data-element_type=\"section\" data-settings=\"{&quot;stretch_section&quot;:&quot;section-stretched&quot;}\">\n\t\t\t\t\t\t<div class=\"elementor-container elementor-column-gap-default\">\n\t\t\t\t\t<div class=\"elementor-column elementor-col-33 elementor-top-column elementor-element elementor-element-7df2ec4e\" data-id=\"7df2ec4e\" data-element_type=\"column\">\n\t\t\t<div class=\"elementor-widget-wrap elementor-element-populated\">\n\t\t\t\t\t\t<div class=\"elementor-element elementor-element-5fbe7b73 elementor-position-top elementor-widget elementor-widget-image-box\" data-id=\"5fbe7b73\" data-element_type=\"widget\" data-widget_type=\"image-box.default\">\n\t\t\t\t<div class=\"elementor-widget-container\">\n\t\t\t<div class=\"elementor-image-box-wrapper\"><figure class=\"elementor-image-box-img\"><a href=\"https:\/\/protocolo.asambleanacional.gob.ec\/\" tabindex=\"-1\"><img fetchpriority=\"high\" decoding=\"async\" width=\"4859\" height=\"2282\" src=\"https:\/\/protocolo.asambleanacional.gob.ec\/wp-content\/uploads\/2024\/01\/logo-original.png\" class=\"attachment-full size-full wp-image-1823\" alt=\"\" srcset=\"https:\/\/protocolo.asambleanacional.gob.ec\/wp-content\/uploads\/2024\/01\/logo-original.png 4859w, https:\/\/protocolo.asambleanacional.gob.ec\/wp-content\/uploads\/2024\/01\/logo-original-300x141.png 300w, https:\/\/protocolo.asambleanacional.gob.ec\/wp-content\/uploads\/2024\/01\/logo-original-1024x481.png 1024w, https:\/\/protocolo.asambleanacional.gob.ec\/wp-content\/uploads\/2024\/01\/logo-original-768x361.png 768w, https:\/\/protocolo.asambleanacional.gob.ec\/wp-content\/uploads\/2024\/01\/logo-original-1536x721.png 1536w, https:\/\/protocolo.asambleanacional.gob.ec\/wp-content\/uploads\/2024\/01\/logo-original-2048x962.png 2048w\" sizes=\"(max-width: 4859px) 100vw, 4859px\" \/><\/a><\/figure><\/div>\t\t<\/div>\n\t\t\t\t<\/div>\n\t\t\t\t\t<\/div>\n\t\t<\/div>\n\t\t\t\t<div class=\"elementor-column elementor-col-66 elementor-top-column elementor-element elementor-element-8f88474\" data-id=\"8f88474\" data-element_type=\"column\">\n\t\t\t<div class=\"elementor-widget-wrap elementor-element-populated\">\n\t\t\t\t\t\t<div class=\"elementor-element elementor-element-77a1d642 elementor-nav-menu__text-align-center elementor-nav-menu--indicator-classic elementor-nav-menu--dropdown-tablet elementor-nav-menu--toggle elementor-nav-menu--burger elementor-widget elementor-widget-nav-menu\" data-id=\"77a1d642\" data-element_type=\"widget\" data-settings=\"{&quot;layout&quot;:&quot;horizontal&quot;,&quot;toggle&quot;:&quot;burger&quot;}\" data-widget_type=\"nav-menu.default\">\n\t\t\t\t<div class=\"elementor-widget-container\">\n\t\t\t\t\t\t<nav role=\"navigation\" class=\"elementor-nav-menu--main elementor-nav-menu__container elementor-nav-menu--layout-horizontal e--pointer-none\"><ul id=\"menu-1-77a1d642\" class=\"elementor-nav-menu\"><li class=\"menu-item menu-item-type-post_type menu-item-object-page menu-item-home menu-item-1743\"><a href=\"https:\/\/protocolo.asambleanacional.gob.ec\/\" class=\"elementor-item\">Inicio<\/a><\/li>\n<li class=\"menu-item menu-item-type-post_type menu-item-object-page menu-item-has-children menu-item-1244\"><a href=\"https:\/\/protocolo.asambleanacional.gob.ec\/?page_id=1222\" class=\"elementor-item\">Qui\u00e9nes SOMOS<\/a>\n<ul class=\"sub-menu elementor-nav-menu--dropdown\">\n\t<li class=\"menu-item menu-item-type-post_type menu-item-object-page menu-item-has-children menu-item-2449\"><a href=\"https:\/\/protocolo.asambleanacional.gob.ec\/?page_id=2444\" class=\"elementor-sub-item\">ACTIVIDADES<\/a>\n\t<ul class=\"sub-menu elementor-nav-menu--dropdown\">\n\t\t<li class=\"menu-item menu-item-type-post_type menu-item-object-page menu-item-1678\"><a href=\"https:\/\/protocolo.asambleanacional.gob.ec\/?page_id=1657\" class=\"elementor-sub-item\">Asesor\u00edas<\/a><\/li>\n\t\t<li class=\"menu-item menu-item-type-post_type menu-item-object-page menu-item-1677\"><a href=\"https:\/\/protocolo.asambleanacional.gob.ec\/?page_id=1666\" class=\"elementor-sub-item\">Capacitaciones<\/a><\/li>\n\t\t<li class=\"menu-item menu-item-type-post_type menu-item-object-page menu-item-1676\"><a href=\"https:\/\/protocolo.asambleanacional.gob.ec\/?page_id=1671\" class=\"elementor-sub-item\">Organizaci\u00f3n<\/a><\/li>\n\t\t<li class=\"menu-item menu-item-type-post_type menu-item-object-page menu-item-2552\"><a href=\"https:\/\/protocolo.asambleanacional.gob.ec\/?page_id=2547\" class=\"elementor-sub-item\">Ceremonial Y Etiqueta<\/a><\/li>\n\t\t<li class=\"menu-item menu-item-type-post_type menu-item-object-page menu-item-2600\"><a href=\"https:\/\/protocolo.asambleanacional.gob.ec\/?page_id=2595\" class=\"elementor-sub-item\">Coordinaci\u00f3n y Planificaci\u00f3n<\/a><\/li>\n\t<\/ul>\n<\/li>\n\t<li class=\"menu-item menu-item-type-post_type menu-item-object-page menu-item-has-children menu-item-651\"><a href=\"https:\/\/protocolo.asambleanacional.gob.ec\/?page_id=648\" class=\"elementor-sub-item\">Equipo de la Coordinaci\u00f3n<\/a>\n\t<ul class=\"sub-menu elementor-nav-menu--dropdown\">\n\t\t<li class=\"menu-item menu-item-type-custom menu-item-object-custom menu-item-has-children menu-item-1207\"><a href=\"#\" class=\"elementor-sub-item elementor-item-anchor\">Nuestro Servicios<\/a>\n\t\t<ul class=\"sub-menu elementor-nav-menu--dropdown\">\n\t\t\t<li class=\"menu-item menu-item-type-post_type menu-item-object-page menu-item-2399\"><a href=\"https:\/\/protocolo.asambleanacional.gob.ec\/?page_id=2386\" class=\"elementor-sub-item\">Atribuciones<\/a><\/li>\n\t\t\t<li class=\"menu-item menu-item-type-post_type menu-item-object-page menu-item-1090\"><a href=\"https:\/\/protocolo.asambleanacional.gob.ec\/?page_id=1063\" class=\"elementor-sub-item\">Informaci\u00f3n sobre salones de eventos<\/a><\/li>\n\t\t<\/ul>\n<\/li>\n\t<\/ul>\n<\/li>\n<\/ul>\n<\/li>\n<li class=\"menu-item menu-item-type-post_type menu-item-object-page menu-item-2096\"><a href=\"https:\/\/protocolo.asambleanacional.gob.ec\/?page_id=2053\" class=\"elementor-item\">Conoce m\u00e1s sobre protocolo<\/a><\/li>\n<li class=\"menu-item menu-item-type-post_type menu-item-object-page menu-item-3182\"><a href=\"https:\/\/protocolo.asambleanacional.gob.ec\/?page_id=2444\" class=\"elementor-item\">Actividades<\/a><\/li>\n<li class=\"menu-item menu-item-type-post_type menu-item-object-page menu-item-2826\"><a href=\"https:\/\/protocolo.asambleanacional.gob.ec\/?page_id=2821\" class=\"elementor-item\">Arte y Simbolismo<\/a><\/li>\n<li class=\"menu-item menu-item-type-post_type menu-item-object-page menu-item-1741\"><a href=\"https:\/\/protocolo.asambleanacional.gob.ec\/?page_id=1683\" class=\"elementor-item\">Galer\u00eda<\/a><\/li>\n<li class=\"menu-item menu-item-type-post_type menu-item-object-page menu-item-647\"><a href=\"https:\/\/protocolo.asambleanacional.gob.ec\/?page_id=640\" class=\"elementor-item\">Reglamentos<\/a><\/li>\n<li class=\"menu-item menu-item-type-post_type menu-item-object-page menu-item-658\"><a href=\"https:\/\/protocolo.asambleanacional.gob.ec\/?page_id=143\" class=\"elementor-item\">Contacto<\/a><\/li>\n<\/ul><\/nav>\n\t\t\t\t\t<div class=\"elementor-menu-toggle\" role=\"button\" tabindex=\"0\" aria-label=\"Menu Toggle\" aria-expanded=\"false\">\n\t\t\t<i class=\"eicon-menu-bar\" aria-hidden=\"true\"><\/i>\n\t\t\t<span class=\"elementor-screen-only\">Menu<\/span>\n\t\t<\/div>\n\t\t\t<nav class=\"elementor-nav-menu--dropdown elementor-nav-menu__container\" role=\"navigation\" aria-hidden=\"true\"><ul id=\"menu-2-77a1d642\" class=\"elementor-nav-menu\"><li class=\"menu-item menu-item-type-post_type menu-item-object-page menu-item-home menu-item-1743\"><a href=\"https:\/\/protocolo.asambleanacional.gob.ec\/\" class=\"elementor-item\">Inicio<\/a><\/li>\n<li class=\"menu-item menu-item-type-post_type menu-item-object-page menu-item-has-children menu-item-1244\"><a href=\"https:\/\/protocolo.asambleanacional.gob.ec\/?page_id=1222\" class=\"elementor-item\">Qui\u00e9nes SOMOS<\/a>\n<ul class=\"sub-menu elementor-nav-menu--dropdown\">\n\t<li class=\"menu-item menu-item-type-post_type menu-item-object-page menu-item-has-children menu-item-2449\"><a href=\"https:\/\/protocolo.asambleanacional.gob.ec\/?page_id=2444\" class=\"elementor-sub-item\">ACTIVIDADES<\/a>\n\t<ul class=\"sub-menu elementor-nav-menu--dropdown\">\n\t\t<li class=\"menu-item menu-item-type-post_type menu-item-object-page menu-item-1678\"><a href=\"https:\/\/protocolo.asambleanacional.gob.ec\/?page_id=1657\" class=\"elementor-sub-item\">Asesor\u00edas<\/a><\/li>\n\t\t<li class=\"menu-item menu-item-type-post_type menu-item-object-page menu-item-1677\"><a href=\"https:\/\/protocolo.asambleanacional.gob.ec\/?page_id=1666\" class=\"elementor-sub-item\">Capacitaciones<\/a><\/li>\n\t\t<li class=\"menu-item menu-item-type-post_type menu-item-object-page menu-item-1676\"><a href=\"https:\/\/protocolo.asambleanacional.gob.ec\/?page_id=1671\" class=\"elementor-sub-item\">Organizaci\u00f3n<\/a><\/li>\n\t\t<li class=\"menu-item menu-item-type-post_type menu-item-object-page menu-item-2552\"><a href=\"https:\/\/protocolo.asambleanacional.gob.ec\/?page_id=2547\" class=\"elementor-sub-item\">Ceremonial Y Etiqueta<\/a><\/li>\n\t\t<li class=\"menu-item menu-item-type-post_type menu-item-object-page menu-item-2600\"><a href=\"https:\/\/protocolo.asambleanacional.gob.ec\/?page_id=2595\" class=\"elementor-sub-item\">Coordinaci\u00f3n y Planificaci\u00f3n<\/a><\/li>\n\t<\/ul>\n<\/li>\n\t<li class=\"menu-item menu-item-type-post_type menu-item-object-page menu-item-has-children menu-item-651\"><a href=\"https:\/\/protocolo.asambleanacional.gob.ec\/?page_id=648\" class=\"elementor-sub-item\">Equipo de la Coordinaci\u00f3n<\/a>\n\t<ul class=\"sub-menu elementor-nav-menu--dropdown\">\n\t\t<li class=\"menu-item menu-item-type-custom menu-item-object-custom menu-item-has-children menu-item-1207\"><a href=\"#\" class=\"elementor-sub-item elementor-item-anchor\">Nuestro Servicios<\/a>\n\t\t<ul class=\"sub-menu elementor-nav-menu--dropdown\">\n\t\t\t<li class=\"menu-item menu-item-type-post_type menu-item-object-page menu-item-2399\"><a href=\"https:\/\/protocolo.asambleanacional.gob.ec\/?page_id=2386\" class=\"elementor-sub-item\">Atribuciones<\/a><\/li>\n\t\t\t<li class=\"menu-item menu-item-type-post_type menu-item-object-page menu-item-1090\"><a href=\"https:\/\/protocolo.asambleanacional.gob.ec\/?page_id=1063\" class=\"elementor-sub-item\">Informaci\u00f3n sobre salones de eventos<\/a><\/li>\n\t\t<\/ul>\n<\/li>\n\t<\/ul>\n<\/li>\n<\/ul>\n<\/li>\n<li class=\"menu-item menu-item-type-post_type menu-item-object-page menu-item-2096\"><a href=\"https:\/\/protocolo.asambleanacional.gob.ec\/?page_id=2053\" class=\"elementor-item\">Conoce m\u00e1s sobre protocolo<\/a><\/li>\n<li class=\"menu-item menu-item-type-post_type menu-item-object-page menu-item-3182\"><a href=\"https:\/\/protocolo.asambleanacional.gob.ec\/?page_id=2444\" class=\"elementor-item\">Actividades<\/a><\/li>\n<li class=\"menu-item menu-item-type-post_type menu-item-object-page menu-item-2826\"><a href=\"https:\/\/protocolo.asambleanacional.gob.ec\/?page_id=2821\" class=\"elementor-item\">Arte y Simbolismo<\/a><\/li>\n<li class=\"menu-item menu-item-type-post_type menu-item-object-page menu-item-1741\"><a href=\"https:\/\/protocolo.asambleanacional.gob.ec\/?page_id=1683\" class=\"elementor-item\">Galer\u00eda<\/a><\/li>\n<li class=\"menu-item menu-item-type-post_type menu-item-object-page menu-item-647\"><a href=\"https:\/\/protocolo.asambleanacional.gob.ec\/?page_id=640\" class=\"elementor-item\">Reglamentos<\/a><\/li>\n<li class=\"menu-item menu-item-type-post_type menu-item-object-page menu-item-658\"><a href=\"https:\/\/protocolo.asambleanacional.gob.ec\/?page_id=143\" class=\"elementor-item\">Contacto<\/a><\/li>\n<\/ul><\/nav>\n\t\t\t\t<\/div>\n\t\t\t\t<\/div>\n\t\t\t\t\t<\/div>\n\t\t<\/div>\n\t\t\t\t\t<\/div>\n\t\t<\/section>\n\t\t\t\t<section class=\"elementor-section elementor-top-section elementor-element elementor-element-1e25a860 elementor-section-boxed elementor-section-height-default elementor-section-height-default\" data-id=\"1e25a860\" data-element_type=\"section\">\n\t\t\t\t\t\t<div class=\"elementor-container elementor-column-gap-default\">\n\t\t\t\t\t<div class=\"elementor-column elementor-col-100 elementor-top-column elementor-element elementor-element-313f42e\" data-id=\"313f42e\" data-element_type=\"column\">\n\t\t\t<div class=\"elementor-widget-wrap elementor-element-populated\">\n\t\t\t\t\t\t<div class=\"elementor-element elementor-element-27c132ba elementor-widget elementor-widget-heading\" data-id=\"27c132ba\" data-element_type=\"widget\" data-widget_type=\"heading.default\">\n\t\t\t\t<div class=\"elementor-widget-container\">\n\t\t\t<h2 class=\"elementor-heading-title elementor-size-default\">\"En cada detalle, protocolo; en cada evento, excelencia\".<\/h2>\t\t<\/div>\n\t\t\t\t<\/div>\n\t\t\t\t\t<\/div>\n\t\t<\/div>\n\t\t\t\t\t<\/div>\n\t\t<\/section>\n\t\t\t\t<section class=\"elementor-section elementor-top-section elementor-element elementor-element-201d63f7 elementor-section-boxed elementor-section-height-default elementor-section-height-default\" data-id=\"201d63f7\" data-element_type=\"section\">\n\t\t\t\t\t\t<div class=\"elementor-container elementor-column-gap-default\">\n\t\t\t\t\t<div class=\"elementor-column elementor-col-100 elementor-top-column elementor-element elementor-element-79c286c3\" data-id=\"79c286c3\" data-element_type=\"column\">\n\t\t\t<div class=\"elementor-widget-wrap elementor-element-populated\">\n\t\t\t\t\t\t<div class=\"elementor-element elementor-element-2ccda5dc elementor-widget elementor-widget-heading\" data-id=\"2ccda5dc\" data-element_type=\"widget\" data-widget_type=\"heading.default\">\n\t\t\t\t<div class=\"elementor-widget-container\">\n\t\t\t<h2 class=\"elementor-heading-title elementor-size-default\">Atribuciones<\/h2>\t\t<\/div>\n\t\t\t\t<\/div>\n\t\t\t\t\t<\/div>\n\t\t<\/div>\n\t\t\t\t\t<\/div>\n\t\t<\/section>\n\t\t\t\t<section class=\"elementor-section elementor-top-section elementor-element elementor-element-f536bab elementor-section-boxed elementor-section-height-default elementor-section-height-default\" data-id=\"f536bab\" data-element_type=\"section\">\n\t\t\t\t\t\t<div class=\"elementor-container elementor-column-gap-default\">\n\t\t\t\t\t<div class=\"elementor-column elementor-col-100 elementor-top-column elementor-element elementor-element-b7b9ed9\" data-id=\"b7b9ed9\" data-element_type=\"column\">\n\t\t\t<div class=\"elementor-widget-wrap elementor-element-populated\">\n\t\t\t\t\t\t<div class=\"elementor-element elementor-element-7caa687 elementor-widget elementor-widget-image\" data-id=\"7caa687\" data-element_type=\"widget\" data-widget_type=\"image.default\">\n\t\t\t\t<div class=\"elementor-widget-container\">\n\t\t\t\t\t\t\t\t\t\t\t\t\t<img decoding=\"async\" width=\"768\" height=\"512\" src=\"https:\/\/protocolo.asambleanacional.gob.ec\/wp-content\/uploads\/2024\/01\/53351184561_67aae36e66_k-768x512.jpg\" class=\"attachment-medium_large size-medium_large wp-image-2426\" alt=\"\" srcset=\"https:\/\/protocolo.asambleanacional.gob.ec\/wp-content\/uploads\/2024\/01\/53351184561_67aae36e66_k-768x512.jpg 768w, https:\/\/protocolo.asambleanacional.gob.ec\/wp-content\/uploads\/2024\/01\/53351184561_67aae36e66_k-300x200.jpg 300w, https:\/\/protocolo.asambleanacional.gob.ec\/wp-content\/uploads\/2024\/01\/53351184561_67aae36e66_k-1024x683.jpg 1024w, https:\/\/protocolo.asambleanacional.gob.ec\/wp-content\/uploads\/2024\/01\/53351184561_67aae36e66_k-1536x1024.jpg 1536w, https:\/\/protocolo.asambleanacional.gob.ec\/wp-content\/uploads\/2024\/01\/53351184561_67aae36e66_k.jpg 2048w\" sizes=\"(max-width: 768px) 100vw, 768px\" \/>\t\t\t\t\t\t\t\t\t\t\t\t\t<\/div>\n\t\t\t\t<\/div>\n\t\t\t\t\t<\/div>\n\t\t<\/div>\n\t\t\t\t\t<\/div>\n\t\t<\/section>\n\t\t\t\t<section class=\"elementor-section elementor-top-section elementor-element elementor-element-dea6870 elementor-section-boxed elementor-section-height-default elementor-section-height-default\" data-id=\"dea6870\" data-element_type=\"section\">\n\t\t\t\t\t\t<div class=\"elementor-container elementor-column-gap-default\">\n\t\t\t\t\t<div class=\"elementor-column elementor-col-100 elementor-top-column elementor-element elementor-element-6b051be\" data-id=\"6b051be\" data-element_type=\"column\">\n\t\t\t<div class=\"elementor-widget-wrap elementor-element-populated\">\n\t\t\t\t\t\t<div class=\"elementor-element elementor-element-9b31d05 elementor-widget elementor-widget-text-editor\" data-id=\"9b31d05\" data-element_type=\"widget\" data-widget_type=\"text-editor.default\">\n\t\t\t\t<div class=\"elementor-widget-container\">\n\t\t\t\t\t\t\t<p>El Reglamento Org\u00e1nico Funcional de la Asamblea Nacional en su art\u00edculo 35 otorga a la Coordinaci\u00f3n General de Protocolo las siguientes atribuciones y responsabilidades:<\/p><p>\u00a0<\/p><ol><li>Planificar, coordinar, organizar, y\/o brindar apoyo protocolar durante el desarrollo de sesiones solemnes, eventos, actos y ceremonias oficiales e internacionales, que realice o patrocine La Asamblea Nacional dentro y fuera del pa\u00eds;<\/li><li>\u00a0Liderar la organizaci\u00f3n , coordinaci\u00f3n y desarrollo de la posesi\u00f3n del Presidente (a) y del Vicepresidente (a) de la Rep\u00fablica;<\/li><li>\u00a0Liderar la organizaci\u00f3n, coordinaci\u00f3n y desarrollo del Informe Anual del Presidente (a) de la Rep\u00fablica;<\/li><li><strong>\u00a0<\/strong>Brindar asesor\u00eda, apoyo protocolar y\/o acompa\u00f1ar al Presidente (a) de la Asamblea Nacional en los actos, eventos, ceremonias y reuniones que participe, velando que se cumplan las normal protocolares y de imagen correspondientes a su investidura, dentro y fuera del pa\u00eds;<\/li><li>Brindar asesor\u00eda y apoyo protocolar a Autoridades y Asamble\u00edstas;<\/li><li>Brindar asistencia protocolar, log\u00edstica y de gesti\u00f3n dentro y fuera del pa\u00eds a las autoridades y asamble\u00edstas en los actos, eventos, ceremonias y reuniones que participen, en aquellos casos que la M\u00e1xima Autoridad autorice;<\/li><li>Determinar las necesidades y los requerimientos de log\u00edstica y protocolo para el desarrollo de eventos, actos y ceremonias oficiales, que realice o patrocine la Asamblea Nacional, dentro y fuera del pa\u00eds;<\/li><li>Coordinar con las \u00e1reas administrativas a fin de prever las necesidades de bienes y servicios para el desarrollo de eventos, actos y ceremonias oficiales, que realice o patrocine la Asamblea Nacional, dentro y fuera del pa\u00eds;<\/li><li>Coordinar las relaciones interinstitucionales para la gesti\u00f3n protocolar;<\/li><li>Capacitar en temas protocolarios y ceremoniales a Asamble\u00edstas y personal legislativo;<\/li><li>Cumplir con las dem\u00e1s que establezca la normativa vigente, las disposiciones y delegaciones de la autoridad competente.<\/li><\/ol><p>\u00a0<\/p><p>Adicional a las funciones contempladas en el Reglamento Org\u00e1nico Funcional, La Coordinaci\u00f3n General de Protocolo conforme con el art\u00edculo 5 del Reglamento de Protocolo est\u00e1 facultada a:<\/p><p>\u00a0<\/p><ol><li>En el caso de necesidad de personal de apoyo en la gesti\u00f3n protocolar se debe acordar con la Coordinaci\u00f3n General de Talento Humano.<\/li><li>Determinar con las \u00e1reas administrativas correspondientes las necesidades de recursos materiales y log\u00edsticos, para la organizaci\u00f3n y desarrollo de eventos, actos y ceremonias.<\/li><li>Elaborar o modificar procedimientos y normas protocolares con el fin de adaptar el ceremonial a los requerimientos de log\u00edstica, espacio y otros.<\/li><li>Resolver controversias y dudas que pudieran surgir en la aplicaci\u00f3n del presente instrumento, durante la planificaci\u00f3n, coordinaci\u00f3n, organizaci\u00f3n y desarrollo de eventos, actos y ceremonias, oficiales o sociales.<\/li><li>Otras, dispuestas por el Presidente\/a de la Asamblea Nacional.<\/li><\/ol>\t\t\t\t\t\t<\/div>\n\t\t\t\t<\/div>\n\t\t\t\t\t<\/div>\n\t\t<\/div>\n\t\t\t\t\t<\/div>\n\t\t<\/section>\n\t\t\t\t<\/div>\n\t\t","protected":false},"excerpt":{"rendered":"<p>\u00abEn cada detalle, protocolo; en cada evento, excelencia\u00bb. Atribuciones El Reglamento Org\u00e1nico Funcional de la Asamblea Nacional en su art\u00edculo 35 otorga a la Coordinaci\u00f3n General de Protocolo las siguientes atribuciones y responsabilidades: \u00a0 Planificar, coordinar, organizar, y\/o brindar apoyo protocolar durante el desarrollo de sesiones solemnes, eventos, actos y ceremonias oficiales e internacionales, que [&hellip;]<\/p>\n","protected":false},"author":2,"featured_media":0,"parent":0,"menu_order":0,"comment_status":"closed","ping_status":"closed","template":"","meta":{"footnotes":""},"class_list":["post-2386","page","type-page","status-publish","hentry"],"_links":{"self":[{"href":"https:\/\/protocolo.asambleanacional.gob.ec\/index.php?rest_route=\/wp\/v2\/pages\/2386"}],"collection":[{"href":"https:\/\/protocolo.asambleanacional.gob.ec\/index.php?rest_route=\/wp\/v2\/pages"}],"about":[{"href":"https:\/\/protocolo.asambleanacional.gob.ec\/index.php?rest_route=\/wp\/v2\/types\/page"}],"author":[{"embeddable":true,"href":"https:\/\/protocolo.asambleanacional.gob.ec\/index.php?rest_route=\/wp\/v2\/users\/2"}],"replies":[{"embeddable":true,"href":"https:\/\/protocolo.asambleanacional.gob.ec\/index.php?rest_route=%2Fwp%2Fv2%2Fcomments&post=2386"}],"version-history":[{"count":29,"href":"https:\/\/protocolo.asambleanacional.gob.ec\/index.php?rest_route=\/wp\/v2\/pages\/2386\/revisions"}],"predecessor-version":[{"id":2432,"href":"https:\/\/protocolo.asambleanacional.gob.ec\/index.php?rest_route=\/wp\/v2\/pages\/2386\/revisions\/2432"}],"wp:attachment":[{"href":"https:\/\/protocolo.asambleanacional.gob.ec\/index.php?rest_route=%2Fwp%2Fv2%2Fmedia&parent=2386"}],"curies":[{"name":"wp","href":"https:\/\/api.w.org\/{rel}","templated":true}]}}