{"id":1671,"date":"2022-01-11T08:16:40","date_gmt":"2022-01-11T13:16:40","guid":{"rendered":"https:\/\/protocolo.asambleanacional.gob.ec\/?page_id=1671"},"modified":"2025-06-19T13:55:09","modified_gmt":"2025-06-19T18:55:09","slug":"organizacion-de-eventos","status":"publish","type":"page","link":"https:\/\/protocolo.asambleanacional.gob.ec\/?page_id=1671","title":{"rendered":"Organizaci\u00f3n de Eventos"},"content":{"rendered":"\t\t<div data-elementor-type=\"wp-page\" data-elementor-id=\"1671\" class=\"elementor elementor-1671\">\n\t\t\t\t\t\t<section class=\"elementor-section elementor-top-section elementor-element elementor-element-1fa3e489 elementor-section-full_width elementor-section-stretched elementor-section-height-default elementor-section-height-default\" data-id=\"1fa3e489\" data-element_type=\"section\" data-settings=\"{&quot;stretch_section&quot;:&quot;section-stretched&quot;}\">\n\t\t\t\t\t\t<div class=\"elementor-container elementor-column-gap-default\">\n\t\t\t\t\t<div class=\"elementor-column elementor-col-33 elementor-top-column elementor-element elementor-element-4e5c2af5\" data-id=\"4e5c2af5\" data-element_type=\"column\">\n\t\t\t<div class=\"elementor-widget-wrap elementor-element-populated\">\n\t\t\t\t\t\t<div class=\"elementor-element elementor-element-5d67986 elementor-widget elementor-widget-image\" data-id=\"5d67986\" data-element_type=\"widget\" data-widget_type=\"image.default\">\n\t\t\t\t<div class=\"elementor-widget-container\">\n\t\t\t\t\t\t\t\t\t\t\t\t\t<img decoding=\"async\" width=\"202\" height=\"49\" src=\"https:\/\/protocolo.asambleanacional.gob.ec\/wp-content\/uploads\/2025\/06\/Logo-20252.jpeg\" class=\"attachment-large size-large wp-image-4045\" alt=\"\" \/>\t\t\t\t\t\t\t\t\t\t\t\t\t<\/div>\n\t\t\t\t<\/div>\n\t\t\t\t\t<\/div>\n\t\t<\/div>\n\t\t\t\t<div class=\"elementor-column elementor-col-66 elementor-top-column elementor-element elementor-element-8e1709e\" data-id=\"8e1709e\" data-element_type=\"column\">\n\t\t\t<div class=\"elementor-widget-wrap elementor-element-populated\">\n\t\t\t\t\t\t<div class=\"elementor-element elementor-element-16cab4cc elementor-nav-menu--stretch elementor-nav-menu--indicator-classic elementor-nav-menu--dropdown-tablet elementor-nav-menu__text-align-aside elementor-nav-menu--toggle elementor-nav-menu--burger elementor-widget elementor-widget-nav-menu\" data-id=\"16cab4cc\" data-element_type=\"widget\" data-settings=\"{&quot;full_width&quot;:&quot;stretch&quot;,&quot;layout&quot;:&quot;horizontal&quot;,&quot;toggle&quot;:&quot;burger&quot;}\" data-widget_type=\"nav-menu.default\">\n\t\t\t\t<div class=\"elementor-widget-container\">\n\t\t\t\t\t\t<nav role=\"navigation\" class=\"elementor-nav-menu--main elementor-nav-menu__container elementor-nav-menu--layout-horizontal e--pointer-underline e--animation-fade\"><ul id=\"menu-1-16cab4cc\" class=\"elementor-nav-menu\"><li class=\"menu-item menu-item-type-post_type menu-item-object-page menu-item-home menu-item-1743\"><a href=\"https:\/\/protocolo.asambleanacional.gob.ec\/\" class=\"elementor-item\">Inicio<\/a><\/li>\n<li class=\"menu-item menu-item-type-post_type menu-item-object-page menu-item-has-children menu-item-1244\"><a href=\"https:\/\/protocolo.asambleanacional.gob.ec\/?page_id=1222\" class=\"elementor-item\">Qui\u00e9nes SOMOS<\/a>\n<ul class=\"sub-menu elementor-nav-menu--dropdown\">\n\t<li class=\"menu-item menu-item-type-post_type menu-item-object-page menu-item-has-children menu-item-2449\"><a href=\"https:\/\/protocolo.asambleanacional.gob.ec\/?page_id=2444\" class=\"elementor-sub-item\">ACTIVIDADES<\/a>\n\t<ul class=\"sub-menu elementor-nav-menu--dropdown\">\n\t\t<li class=\"menu-item menu-item-type-post_type menu-item-object-page menu-item-1678\"><a href=\"https:\/\/protocolo.asambleanacional.gob.ec\/?page_id=1657\" class=\"elementor-sub-item\">Asesor\u00edas<\/a><\/li>\n\t\t<li class=\"menu-item menu-item-type-post_type menu-item-object-page menu-item-1677\"><a href=\"https:\/\/protocolo.asambleanacional.gob.ec\/?page_id=1666\" class=\"elementor-sub-item\">Capacitaciones<\/a><\/li>\n\t\t<li class=\"menu-item menu-item-type-post_type menu-item-object-page menu-item-1676\"><a href=\"https:\/\/protocolo.asambleanacional.gob.ec\/?page_id=1671\" class=\"elementor-sub-item\">Organizaci\u00f3n<\/a><\/li>\n\t\t<li class=\"menu-item menu-item-type-post_type menu-item-object-page menu-item-2552\"><a href=\"https:\/\/protocolo.asambleanacional.gob.ec\/?page_id=2547\" class=\"elementor-sub-item\">Ceremonial Y Etiqueta<\/a><\/li>\n\t\t<li class=\"menu-item menu-item-type-post_type menu-item-object-page menu-item-2600\"><a href=\"https:\/\/protocolo.asambleanacional.gob.ec\/?page_id=2595\" class=\"elementor-sub-item\">Coordinaci\u00f3n y Planificaci\u00f3n<\/a><\/li>\n\t<\/ul>\n<\/li>\n\t<li class=\"menu-item menu-item-type-post_type menu-item-object-page menu-item-has-children menu-item-651\"><a href=\"https:\/\/protocolo.asambleanacional.gob.ec\/?page_id=648\" class=\"elementor-sub-item\">Equipo de la Coordinaci\u00f3n<\/a>\n\t<ul class=\"sub-menu elementor-nav-menu--dropdown\">\n\t\t<li class=\"menu-item menu-item-type-custom menu-item-object-custom menu-item-has-children menu-item-1207\"><a href=\"#\" class=\"elementor-sub-item elementor-item-anchor\">Nuestro Servicios<\/a>\n\t\t<ul class=\"sub-menu elementor-nav-menu--dropdown\">\n\t\t\t<li class=\"menu-item menu-item-type-post_type menu-item-object-page menu-item-2399\"><a href=\"https:\/\/protocolo.asambleanacional.gob.ec\/?page_id=2386\" class=\"elementor-sub-item\">Atribuciones<\/a><\/li>\n\t\t\t<li class=\"menu-item menu-item-type-post_type menu-item-object-page menu-item-1090\"><a href=\"https:\/\/protocolo.asambleanacional.gob.ec\/?page_id=1063\" class=\"elementor-sub-item\">Informaci\u00f3n sobre salones de eventos<\/a><\/li>\n\t\t<\/ul>\n<\/li>\n\t<\/ul>\n<\/li>\n<\/ul>\n<\/li>\n<li class=\"menu-item menu-item-type-post_type menu-item-object-page menu-item-2096\"><a href=\"https:\/\/protocolo.asambleanacional.gob.ec\/?page_id=2053\" class=\"elementor-item\">Conoce m\u00e1s sobre protocolo<\/a><\/li>\n<li class=\"menu-item menu-item-type-post_type menu-item-object-page menu-item-3182\"><a href=\"https:\/\/protocolo.asambleanacional.gob.ec\/?page_id=2444\" class=\"elementor-item\">Actividades<\/a><\/li>\n<li class=\"menu-item menu-item-type-post_type menu-item-object-page menu-item-2826\"><a href=\"https:\/\/protocolo.asambleanacional.gob.ec\/?page_id=2821\" class=\"elementor-item\">Arte y Simbolismo<\/a><\/li>\n<li class=\"menu-item menu-item-type-post_type menu-item-object-page menu-item-1741\"><a href=\"https:\/\/protocolo.asambleanacional.gob.ec\/?page_id=1683\" class=\"elementor-item\">Galer\u00eda<\/a><\/li>\n<li class=\"menu-item menu-item-type-post_type menu-item-object-page menu-item-647\"><a href=\"https:\/\/protocolo.asambleanacional.gob.ec\/?page_id=640\" class=\"elementor-item\">Reglamentos<\/a><\/li>\n<li class=\"menu-item menu-item-type-post_type menu-item-object-page menu-item-658\"><a href=\"https:\/\/protocolo.asambleanacional.gob.ec\/?page_id=143\" class=\"elementor-item\">Contacto<\/a><\/li>\n<\/ul><\/nav>\n\t\t\t\t\t<div class=\"elementor-menu-toggle\" role=\"button\" tabindex=\"0\" aria-label=\"Menu Toggle\" aria-expanded=\"false\">\n\t\t\t<i class=\"eicon-menu-bar\" aria-hidden=\"true\"><\/i>\n\t\t\t<span class=\"elementor-screen-only\">Menu<\/span>\n\t\t<\/div>\n\t\t\t<nav class=\"elementor-nav-menu--dropdown elementor-nav-menu__container\" role=\"navigation\" aria-hidden=\"true\"><ul id=\"menu-2-16cab4cc\" class=\"elementor-nav-menu\"><li class=\"menu-item menu-item-type-post_type menu-item-object-page menu-item-home menu-item-1743\"><a href=\"https:\/\/protocolo.asambleanacional.gob.ec\/\" class=\"elementor-item\">Inicio<\/a><\/li>\n<li class=\"menu-item menu-item-type-post_type menu-item-object-page menu-item-has-children menu-item-1244\"><a href=\"https:\/\/protocolo.asambleanacional.gob.ec\/?page_id=1222\" class=\"elementor-item\">Qui\u00e9nes SOMOS<\/a>\n<ul class=\"sub-menu elementor-nav-menu--dropdown\">\n\t<li class=\"menu-item menu-item-type-post_type menu-item-object-page menu-item-has-children menu-item-2449\"><a href=\"https:\/\/protocolo.asambleanacional.gob.ec\/?page_id=2444\" class=\"elementor-sub-item\">ACTIVIDADES<\/a>\n\t<ul class=\"sub-menu elementor-nav-menu--dropdown\">\n\t\t<li class=\"menu-item menu-item-type-post_type menu-item-object-page menu-item-1678\"><a href=\"https:\/\/protocolo.asambleanacional.gob.ec\/?page_id=1657\" class=\"elementor-sub-item\">Asesor\u00edas<\/a><\/li>\n\t\t<li class=\"menu-item menu-item-type-post_type menu-item-object-page menu-item-1677\"><a href=\"https:\/\/protocolo.asambleanacional.gob.ec\/?page_id=1666\" class=\"elementor-sub-item\">Capacitaciones<\/a><\/li>\n\t\t<li class=\"menu-item menu-item-type-post_type menu-item-object-page menu-item-1676\"><a href=\"https:\/\/protocolo.asambleanacional.gob.ec\/?page_id=1671\" class=\"elementor-sub-item\">Organizaci\u00f3n<\/a><\/li>\n\t\t<li class=\"menu-item menu-item-type-post_type menu-item-object-page menu-item-2552\"><a href=\"https:\/\/protocolo.asambleanacional.gob.ec\/?page_id=2547\" class=\"elementor-sub-item\">Ceremonial Y Etiqueta<\/a><\/li>\n\t\t<li class=\"menu-item menu-item-type-post_type menu-item-object-page menu-item-2600\"><a href=\"https:\/\/protocolo.asambleanacional.gob.ec\/?page_id=2595\" class=\"elementor-sub-item\">Coordinaci\u00f3n y Planificaci\u00f3n<\/a><\/li>\n\t<\/ul>\n<\/li>\n\t<li class=\"menu-item menu-item-type-post_type menu-item-object-page menu-item-has-children menu-item-651\"><a href=\"https:\/\/protocolo.asambleanacional.gob.ec\/?page_id=648\" class=\"elementor-sub-item\">Equipo de la Coordinaci\u00f3n<\/a>\n\t<ul class=\"sub-menu elementor-nav-menu--dropdown\">\n\t\t<li class=\"menu-item menu-item-type-custom menu-item-object-custom menu-item-has-children menu-item-1207\"><a href=\"#\" class=\"elementor-sub-item elementor-item-anchor\">Nuestro Servicios<\/a>\n\t\t<ul class=\"sub-menu elementor-nav-menu--dropdown\">\n\t\t\t<li class=\"menu-item menu-item-type-post_type menu-item-object-page menu-item-2399\"><a href=\"https:\/\/protocolo.asambleanacional.gob.ec\/?page_id=2386\" class=\"elementor-sub-item\">Atribuciones<\/a><\/li>\n\t\t\t<li class=\"menu-item menu-item-type-post_type menu-item-object-page menu-item-1090\"><a href=\"https:\/\/protocolo.asambleanacional.gob.ec\/?page_id=1063\" class=\"elementor-sub-item\">Informaci\u00f3n sobre salones de eventos<\/a><\/li>\n\t\t<\/ul>\n<\/li>\n\t<\/ul>\n<\/li>\n<\/ul>\n<\/li>\n<li class=\"menu-item menu-item-type-post_type menu-item-object-page menu-item-2096\"><a href=\"https:\/\/protocolo.asambleanacional.gob.ec\/?page_id=2053\" class=\"elementor-item\">Conoce m\u00e1s sobre protocolo<\/a><\/li>\n<li class=\"menu-item menu-item-type-post_type menu-item-object-page menu-item-3182\"><a href=\"https:\/\/protocolo.asambleanacional.gob.ec\/?page_id=2444\" class=\"elementor-item\">Actividades<\/a><\/li>\n<li class=\"menu-item menu-item-type-post_type menu-item-object-page menu-item-2826\"><a href=\"https:\/\/protocolo.asambleanacional.gob.ec\/?page_id=2821\" class=\"elementor-item\">Arte y Simbolismo<\/a><\/li>\n<li class=\"menu-item menu-item-type-post_type menu-item-object-page menu-item-1741\"><a href=\"https:\/\/protocolo.asambleanacional.gob.ec\/?page_id=1683\" class=\"elementor-item\">Galer\u00eda<\/a><\/li>\n<li class=\"menu-item menu-item-type-post_type menu-item-object-page menu-item-647\"><a href=\"https:\/\/protocolo.asambleanacional.gob.ec\/?page_id=640\" class=\"elementor-item\">Reglamentos<\/a><\/li>\n<li class=\"menu-item menu-item-type-post_type menu-item-object-page menu-item-658\"><a href=\"https:\/\/protocolo.asambleanacional.gob.ec\/?page_id=143\" class=\"elementor-item\">Contacto<\/a><\/li>\n<\/ul><\/nav>\n\t\t\t\t<\/div>\n\t\t\t\t<\/div>\n\t\t\t\t\t<\/div>\n\t\t<\/div>\n\t\t\t\t\t<\/div>\n\t\t<\/section>\n\t\t\t\t<section class=\"elementor-section elementor-top-section elementor-element elementor-element-69c908f elementor-section-boxed elementor-section-height-default elementor-section-height-default\" data-id=\"69c908f\" data-element_type=\"section\">\n\t\t\t\t\t\t<div class=\"elementor-container elementor-column-gap-default\">\n\t\t\t\t\t<div class=\"elementor-column elementor-col-100 elementor-top-column elementor-element elementor-element-454934d\" data-id=\"454934d\" data-element_type=\"column\">\n\t\t\t<div class=\"elementor-widget-wrap elementor-element-populated\">\n\t\t\t\t\t\t<div class=\"elementor-element elementor-element-5d4ac88 elementor-widget elementor-widget-heading\" data-id=\"5d4ac88\" data-element_type=\"widget\" data-widget_type=\"heading.default\">\n\t\t\t\t<div class=\"elementor-widget-container\">\n\t\t\t<h2 class=\"elementor-heading-title elementor-size-default\">\"En cada detalle, protocolo; en cada evento, excelencia\"<\/h2>\t\t<\/div>\n\t\t\t\t<\/div>\n\t\t\t\t<div class=\"elementor-element elementor-element-8d504f4 elementor-widget elementor-widget-image\" data-id=\"8d504f4\" data-element_type=\"widget\" data-widget_type=\"image.default\">\n\t\t\t\t<div class=\"elementor-widget-container\">\n\t\t\t\t\t\t\t\t\t\t\t\t\t<img fetchpriority=\"high\" decoding=\"async\" width=\"2560\" height=\"1707\" src=\"https:\/\/protocolo.asambleanacional.gob.ec\/wp-content\/uploads\/2025\/05\/54542275681_146ee24f7b_o-scaled.jpg\" class=\"attachment-full size-full wp-image-4016\" alt=\"\" srcset=\"https:\/\/protocolo.asambleanacional.gob.ec\/wp-content\/uploads\/2025\/05\/54542275681_146ee24f7b_o-scaled.jpg 2560w, https:\/\/protocolo.asambleanacional.gob.ec\/wp-content\/uploads\/2025\/05\/54542275681_146ee24f7b_o-300x200.jpg 300w, https:\/\/protocolo.asambleanacional.gob.ec\/wp-content\/uploads\/2025\/05\/54542275681_146ee24f7b_o-1024x683.jpg 1024w, https:\/\/protocolo.asambleanacional.gob.ec\/wp-content\/uploads\/2025\/05\/54542275681_146ee24f7b_o-768x512.jpg 768w, https:\/\/protocolo.asambleanacional.gob.ec\/wp-content\/uploads\/2025\/05\/54542275681_146ee24f7b_o-1536x1024.jpg 1536w, https:\/\/protocolo.asambleanacional.gob.ec\/wp-content\/uploads\/2025\/05\/54542275681_146ee24f7b_o-2048x1365.jpg 2048w\" sizes=\"(max-width: 2560px) 100vw, 2560px\" \/>\t\t\t\t\t\t\t\t\t\t\t\t\t<\/div>\n\t\t\t\t<\/div>\n\t\t\t\t\t<\/div>\n\t\t<\/div>\n\t\t\t\t\t<\/div>\n\t\t<\/section>\n\t\t\t\t<section class=\"elementor-section elementor-top-section elementor-element elementor-element-76191a62 elementor-section-stretched elementor-section-boxed elementor-section-height-default elementor-section-height-default\" data-id=\"76191a62\" data-element_type=\"section\" data-settings=\"{&quot;stretch_section&quot;:&quot;section-stretched&quot;}\">\n\t\t\t\t\t\t<div class=\"elementor-container elementor-column-gap-default\">\n\t\t\t\t\t<div class=\"elementor-column elementor-col-100 elementor-top-column elementor-element elementor-element-68bc7cbe\" data-id=\"68bc7cbe\" data-element_type=\"column\">\n\t\t\t<div class=\"elementor-widget-wrap elementor-element-populated\">\n\t\t\t\t\t\t<div class=\"elementor-element elementor-element-719141fa elementor-widget elementor-widget-heading\" data-id=\"719141fa\" data-element_type=\"widget\" data-widget_type=\"heading.default\">\n\t\t\t\t<div class=\"elementor-widget-container\">\n\t\t\t<h2 class=\"elementor-heading-title elementor-size-default\">Organizaci\u00f3n <\/h2>\t\t<\/div>\n\t\t\t\t<\/div>\n\t\t\t\t\t<\/div>\n\t\t<\/div>\n\t\t\t\t\t<\/div>\n\t\t<\/section>\n\t\t\t\t<section class=\"elementor-section elementor-top-section elementor-element elementor-element-204ba652 elementor-section-stretched elementor-section-boxed elementor-section-height-default elementor-section-height-default\" data-id=\"204ba652\" data-element_type=\"section\" data-settings=\"{&quot;stretch_section&quot;:&quot;section-stretched&quot;}\">\n\t\t\t\t\t\t<div class=\"elementor-container elementor-column-gap-default\">\n\t\t\t\t\t<div class=\"elementor-column elementor-col-100 elementor-top-column elementor-element elementor-element-70a23f18\" data-id=\"70a23f18\" data-element_type=\"column\">\n\t\t\t<div class=\"elementor-widget-wrap elementor-element-populated\">\n\t\t\t\t\t\t<div class=\"elementor-element elementor-element-1f73e7b0 elementor-drop-cap-yes elementor-drop-cap-view-default elementor-widget elementor-widget-text-editor\" data-id=\"1f73e7b0\" data-element_type=\"widget\" data-settings=\"{&quot;drop_cap&quot;:&quot;yes&quot;}\" data-widget_type=\"text-editor.default\">\n\t\t\t\t<div class=\"elementor-widget-container\">\n\t\t\t\t\t\t\t<p>La organizaci\u00f3n protocolar se configura como el proceso eficiente de producci\u00f3n de insumos comunicacionales para entregar un producto o servicio de calidad. Se distingue por su capacidad para marcar la diferencia en diversos contextos, convirti\u00e9ndose en un pilar esencial para el \u00e9xito y la proyecci\u00f3n positiva de cualquier evento o ceremonia.<\/p><p>El departamento se encarga de asesorar de manera ordenada la planificaci\u00f3n de un acto, evento o ceremonia; a trav\u00e9s de una gesti\u00f3n integral, con un equipo multidisciplinario, que desarrolla el objetivo principal del evento o acto, tiene en cuenta los factores como el ceremonial y la simbolog\u00eda, propone detalles visuales, coordina aspectos t\u00e9cnicos, precedencias, orden del d\u00eda, cuida el mensaje comunicacional y su importancia durante toda la ejecuci\u00f3n del evento hasta su finalizaci\u00f3n.\u00a0<\/p>\t\t\t\t\t\t<\/div>\n\t\t\t\t<\/div>\n\t\t\t\t\t<\/div>\n\t\t<\/div>\n\t\t\t\t\t<\/div>\n\t\t<\/section>\n\t\t\t\t<\/div>\n\t\t","protected":false},"excerpt":{"rendered":"<p>\u00abEn cada detalle, protocolo; en cada evento, excelencia\u00bb Organizaci\u00f3n La organizaci\u00f3n protocolar se configura como el proceso eficiente de producci\u00f3n de insumos comunicacionales para entregar un producto o servicio de calidad. Se distingue por su capacidad para marcar la diferencia en diversos contextos, convirti\u00e9ndose en un pilar esencial para el \u00e9xito y la proyecci\u00f3n positiva [&hellip;]<\/p>\n","protected":false},"author":1,"featured_media":0,"parent":0,"menu_order":0,"comment_status":"closed","ping_status":"closed","template":"","meta":{"footnotes":""},"class_list":["post-1671","page","type-page","status-publish","hentry"],"_links":{"self":[{"href":"https:\/\/protocolo.asambleanacional.gob.ec\/index.php?rest_route=\/wp\/v2\/pages\/1671"}],"collection":[{"href":"https:\/\/protocolo.asambleanacional.gob.ec\/index.php?rest_route=\/wp\/v2\/pages"}],"about":[{"href":"https:\/\/protocolo.asambleanacional.gob.ec\/index.php?rest_route=\/wp\/v2\/types\/page"}],"author":[{"embeddable":true,"href":"https:\/\/protocolo.asambleanacional.gob.ec\/index.php?rest_route=\/wp\/v2\/users\/1"}],"replies":[{"embeddable":true,"href":"https:\/\/protocolo.asambleanacional.gob.ec\/index.php?rest_route=%2Fwp%2Fv2%2Fcomments&post=1671"}],"version-history":[{"count":51,"href":"https:\/\/protocolo.asambleanacional.gob.ec\/index.php?rest_route=\/wp\/v2\/pages\/1671\/revisions"}],"predecessor-version":[{"id":4119,"href":"https:\/\/protocolo.asambleanacional.gob.ec\/index.php?rest_route=\/wp\/v2\/pages\/1671\/revisions\/4119"}],"wp:attachment":[{"href":"https:\/\/protocolo.asambleanacional.gob.ec\/index.php?rest_route=%2Fwp%2Fv2%2Fmedia&parent=1671"}],"curies":[{"name":"wp","href":"https:\/\/api.w.org\/{rel}","templated":true}]}}