{"id":1657,"date":"2022-01-11T07:35:13","date_gmt":"2022-01-11T12:35:13","guid":{"rendered":"https:\/\/protocolo.asambleanacional.gob.ec\/?page_id=1657"},"modified":"2025-06-19T13:39:06","modified_gmt":"2025-06-19T18:39:06","slug":"asesorias","status":"publish","type":"page","link":"https:\/\/protocolo.asambleanacional.gob.ec\/?page_id=1657","title":{"rendered":"Asesor\u00edas"},"content":{"rendered":"\t\t<div data-elementor-type=\"wp-page\" data-elementor-id=\"1657\" class=\"elementor elementor-1657\">\n\t\t\t\t\t\t<section class=\"elementor-section elementor-top-section elementor-element elementor-element-8c26372 elementor-section-full_width elementor-section-stretched elementor-section-height-default elementor-section-height-default\" data-id=\"8c26372\" data-element_type=\"section\" data-settings=\"{&quot;stretch_section&quot;:&quot;section-stretched&quot;}\">\n\t\t\t\t\t\t<div class=\"elementor-container elementor-column-gap-default\">\n\t\t\t\t\t<div class=\"elementor-column elementor-col-33 elementor-top-column elementor-element elementor-element-c31ad18\" data-id=\"c31ad18\" data-element_type=\"column\">\n\t\t\t<div class=\"elementor-widget-wrap elementor-element-populated\">\n\t\t\t\t\t\t<div class=\"elementor-element elementor-element-2f8f2f68 elementor-position-top elementor-widget elementor-widget-image-box\" data-id=\"2f8f2f68\" data-element_type=\"widget\" data-widget_type=\"image-box.default\">\n\t\t\t\t<div class=\"elementor-widget-container\">\n\t\t\t<div class=\"elementor-image-box-wrapper\"><figure class=\"elementor-image-box-img\"><a href=\"https:\/\/protocolo.asambleanacional.gob.ec\/\" tabindex=\"-1\"><img decoding=\"async\" width=\"202\" height=\"49\" src=\"https:\/\/protocolo.asambleanacional.gob.ec\/wp-content\/uploads\/2025\/06\/Logo-20252.jpeg\" class=\"attachment-full size-full wp-image-4045\" alt=\"\" \/><\/a><\/figure><\/div>\t\t<\/div>\n\t\t\t\t<\/div>\n\t\t\t\t\t<\/div>\n\t\t<\/div>\n\t\t\t\t<div class=\"elementor-column elementor-col-66 elementor-top-column elementor-element elementor-element-2fdeca71\" data-id=\"2fdeca71\" data-element_type=\"column\">\n\t\t\t<div class=\"elementor-widget-wrap elementor-element-populated\">\n\t\t\t\t\t\t<div class=\"elementor-element elementor-element-58f8a340 elementor-nav-menu__text-align-center elementor-nav-menu--indicator-classic elementor-nav-menu--dropdown-tablet elementor-nav-menu--toggle elementor-nav-menu--burger elementor-widget elementor-widget-nav-menu\" data-id=\"58f8a340\" data-element_type=\"widget\" data-settings=\"{&quot;layout&quot;:&quot;horizontal&quot;,&quot;toggle&quot;:&quot;burger&quot;}\" data-widget_type=\"nav-menu.default\">\n\t\t\t\t<div class=\"elementor-widget-container\">\n\t\t\t\t\t\t<nav role=\"navigation\" class=\"elementor-nav-menu--main elementor-nav-menu__container elementor-nav-menu--layout-horizontal e--pointer-none\"><ul id=\"menu-1-58f8a340\" class=\"elementor-nav-menu\"><li class=\"menu-item menu-item-type-post_type menu-item-object-page menu-item-home menu-item-1743\"><a href=\"https:\/\/protocolo.asambleanacional.gob.ec\/\" class=\"elementor-item\">Inicio<\/a><\/li>\n<li class=\"menu-item menu-item-type-post_type menu-item-object-page menu-item-has-children menu-item-1244\"><a href=\"https:\/\/protocolo.asambleanacional.gob.ec\/?page_id=1222\" class=\"elementor-item\">Qui\u00e9nes SOMOS<\/a>\n<ul class=\"sub-menu elementor-nav-menu--dropdown\">\n\t<li class=\"menu-item menu-item-type-post_type menu-item-object-page menu-item-has-children menu-item-2449\"><a href=\"https:\/\/protocolo.asambleanacional.gob.ec\/?page_id=2444\" class=\"elementor-sub-item\">ACTIVIDADES<\/a>\n\t<ul class=\"sub-menu elementor-nav-menu--dropdown\">\n\t\t<li class=\"menu-item menu-item-type-post_type menu-item-object-page menu-item-1678\"><a href=\"https:\/\/protocolo.asambleanacional.gob.ec\/?page_id=1657\" class=\"elementor-sub-item\">Asesor\u00edas<\/a><\/li>\n\t\t<li class=\"menu-item menu-item-type-post_type menu-item-object-page menu-item-1677\"><a href=\"https:\/\/protocolo.asambleanacional.gob.ec\/?page_id=1666\" class=\"elementor-sub-item\">Capacitaciones<\/a><\/li>\n\t\t<li class=\"menu-item menu-item-type-post_type menu-item-object-page menu-item-1676\"><a href=\"https:\/\/protocolo.asambleanacional.gob.ec\/?page_id=1671\" class=\"elementor-sub-item\">Organizaci\u00f3n<\/a><\/li>\n\t\t<li class=\"menu-item menu-item-type-post_type menu-item-object-page menu-item-2552\"><a href=\"https:\/\/protocolo.asambleanacional.gob.ec\/?page_id=2547\" class=\"elementor-sub-item\">Ceremonial Y Etiqueta<\/a><\/li>\n\t\t<li class=\"menu-item menu-item-type-post_type menu-item-object-page menu-item-2600\"><a href=\"https:\/\/protocolo.asambleanacional.gob.ec\/?page_id=2595\" class=\"elementor-sub-item\">Coordinaci\u00f3n y Planificaci\u00f3n<\/a><\/li>\n\t<\/ul>\n<\/li>\n\t<li class=\"menu-item menu-item-type-post_type menu-item-object-page menu-item-has-children menu-item-651\"><a href=\"https:\/\/protocolo.asambleanacional.gob.ec\/?page_id=648\" class=\"elementor-sub-item\">Equipo de la Coordinaci\u00f3n<\/a>\n\t<ul class=\"sub-menu elementor-nav-menu--dropdown\">\n\t\t<li class=\"menu-item menu-item-type-custom menu-item-object-custom menu-item-has-children menu-item-1207\"><a href=\"#\" class=\"elementor-sub-item elementor-item-anchor\">Nuestro Servicios<\/a>\n\t\t<ul class=\"sub-menu elementor-nav-menu--dropdown\">\n\t\t\t<li class=\"menu-item menu-item-type-post_type menu-item-object-page menu-item-2399\"><a href=\"https:\/\/protocolo.asambleanacional.gob.ec\/?page_id=2386\" class=\"elementor-sub-item\">Atribuciones<\/a><\/li>\n\t\t\t<li class=\"menu-item menu-item-type-post_type menu-item-object-page menu-item-1090\"><a href=\"https:\/\/protocolo.asambleanacional.gob.ec\/?page_id=1063\" class=\"elementor-sub-item\">Informaci\u00f3n sobre salones de eventos<\/a><\/li>\n\t\t<\/ul>\n<\/li>\n\t<\/ul>\n<\/li>\n<\/ul>\n<\/li>\n<li class=\"menu-item menu-item-type-post_type menu-item-object-page menu-item-2096\"><a href=\"https:\/\/protocolo.asambleanacional.gob.ec\/?page_id=2053\" class=\"elementor-item\">Conoce m\u00e1s sobre protocolo<\/a><\/li>\n<li class=\"menu-item menu-item-type-post_type menu-item-object-page menu-item-3182\"><a href=\"https:\/\/protocolo.asambleanacional.gob.ec\/?page_id=2444\" class=\"elementor-item\">Actividades<\/a><\/li>\n<li class=\"menu-item menu-item-type-post_type menu-item-object-page menu-item-2826\"><a href=\"https:\/\/protocolo.asambleanacional.gob.ec\/?page_id=2821\" class=\"elementor-item\">Arte y Simbolismo<\/a><\/li>\n<li class=\"menu-item menu-item-type-post_type menu-item-object-page menu-item-1741\"><a href=\"https:\/\/protocolo.asambleanacional.gob.ec\/?page_id=1683\" class=\"elementor-item\">Galer\u00eda<\/a><\/li>\n<li class=\"menu-item menu-item-type-post_type menu-item-object-page menu-item-647\"><a href=\"https:\/\/protocolo.asambleanacional.gob.ec\/?page_id=640\" class=\"elementor-item\">Reglamentos<\/a><\/li>\n<li class=\"menu-item menu-item-type-post_type menu-item-object-page menu-item-658\"><a href=\"https:\/\/protocolo.asambleanacional.gob.ec\/?page_id=143\" class=\"elementor-item\">Contacto<\/a><\/li>\n<\/ul><\/nav>\n\t\t\t\t\t<div class=\"elementor-menu-toggle\" role=\"button\" tabindex=\"0\" aria-label=\"Menu Toggle\" aria-expanded=\"false\">\n\t\t\t<i class=\"eicon-menu-bar\" aria-hidden=\"true\"><\/i>\n\t\t\t<span class=\"elementor-screen-only\">Menu<\/span>\n\t\t<\/div>\n\t\t\t<nav class=\"elementor-nav-menu--dropdown elementor-nav-menu__container\" role=\"navigation\" aria-hidden=\"true\"><ul id=\"menu-2-58f8a340\" class=\"elementor-nav-menu\"><li class=\"menu-item menu-item-type-post_type menu-item-object-page menu-item-home menu-item-1743\"><a href=\"https:\/\/protocolo.asambleanacional.gob.ec\/\" class=\"elementor-item\">Inicio<\/a><\/li>\n<li class=\"menu-item menu-item-type-post_type menu-item-object-page menu-item-has-children menu-item-1244\"><a href=\"https:\/\/protocolo.asambleanacional.gob.ec\/?page_id=1222\" class=\"elementor-item\">Qui\u00e9nes SOMOS<\/a>\n<ul class=\"sub-menu elementor-nav-menu--dropdown\">\n\t<li class=\"menu-item menu-item-type-post_type menu-item-object-page menu-item-has-children menu-item-2449\"><a href=\"https:\/\/protocolo.asambleanacional.gob.ec\/?page_id=2444\" class=\"elementor-sub-item\">ACTIVIDADES<\/a>\n\t<ul class=\"sub-menu elementor-nav-menu--dropdown\">\n\t\t<li class=\"menu-item menu-item-type-post_type menu-item-object-page menu-item-1678\"><a href=\"https:\/\/protocolo.asambleanacional.gob.ec\/?page_id=1657\" class=\"elementor-sub-item\">Asesor\u00edas<\/a><\/li>\n\t\t<li class=\"menu-item menu-item-type-post_type menu-item-object-page menu-item-1677\"><a href=\"https:\/\/protocolo.asambleanacional.gob.ec\/?page_id=1666\" class=\"elementor-sub-item\">Capacitaciones<\/a><\/li>\n\t\t<li class=\"menu-item menu-item-type-post_type menu-item-object-page menu-item-1676\"><a href=\"https:\/\/protocolo.asambleanacional.gob.ec\/?page_id=1671\" class=\"elementor-sub-item\">Organizaci\u00f3n<\/a><\/li>\n\t\t<li class=\"menu-item menu-item-type-post_type menu-item-object-page menu-item-2552\"><a href=\"https:\/\/protocolo.asambleanacional.gob.ec\/?page_id=2547\" class=\"elementor-sub-item\">Ceremonial Y Etiqueta<\/a><\/li>\n\t\t<li class=\"menu-item menu-item-type-post_type menu-item-object-page menu-item-2600\"><a href=\"https:\/\/protocolo.asambleanacional.gob.ec\/?page_id=2595\" class=\"elementor-sub-item\">Coordinaci\u00f3n y Planificaci\u00f3n<\/a><\/li>\n\t<\/ul>\n<\/li>\n\t<li class=\"menu-item menu-item-type-post_type menu-item-object-page menu-item-has-children menu-item-651\"><a href=\"https:\/\/protocolo.asambleanacional.gob.ec\/?page_id=648\" class=\"elementor-sub-item\">Equipo de la Coordinaci\u00f3n<\/a>\n\t<ul class=\"sub-menu elementor-nav-menu--dropdown\">\n\t\t<li class=\"menu-item menu-item-type-custom menu-item-object-custom menu-item-has-children menu-item-1207\"><a href=\"#\" class=\"elementor-sub-item elementor-item-anchor\">Nuestro Servicios<\/a>\n\t\t<ul class=\"sub-menu elementor-nav-menu--dropdown\">\n\t\t\t<li class=\"menu-item menu-item-type-post_type menu-item-object-page menu-item-2399\"><a href=\"https:\/\/protocolo.asambleanacional.gob.ec\/?page_id=2386\" class=\"elementor-sub-item\">Atribuciones<\/a><\/li>\n\t\t\t<li class=\"menu-item menu-item-type-post_type menu-item-object-page menu-item-1090\"><a href=\"https:\/\/protocolo.asambleanacional.gob.ec\/?page_id=1063\" class=\"elementor-sub-item\">Informaci\u00f3n sobre salones de eventos<\/a><\/li>\n\t\t<\/ul>\n<\/li>\n\t<\/ul>\n<\/li>\n<\/ul>\n<\/li>\n<li class=\"menu-item menu-item-type-post_type menu-item-object-page menu-item-2096\"><a href=\"https:\/\/protocolo.asambleanacional.gob.ec\/?page_id=2053\" class=\"elementor-item\">Conoce m\u00e1s sobre protocolo<\/a><\/li>\n<li class=\"menu-item menu-item-type-post_type menu-item-object-page menu-item-3182\"><a href=\"https:\/\/protocolo.asambleanacional.gob.ec\/?page_id=2444\" class=\"elementor-item\">Actividades<\/a><\/li>\n<li class=\"menu-item menu-item-type-post_type menu-item-object-page menu-item-2826\"><a href=\"https:\/\/protocolo.asambleanacional.gob.ec\/?page_id=2821\" class=\"elementor-item\">Arte y Simbolismo<\/a><\/li>\n<li class=\"menu-item menu-item-type-post_type menu-item-object-page menu-item-1741\"><a href=\"https:\/\/protocolo.asambleanacional.gob.ec\/?page_id=1683\" class=\"elementor-item\">Galer\u00eda<\/a><\/li>\n<li class=\"menu-item menu-item-type-post_type menu-item-object-page menu-item-647\"><a href=\"https:\/\/protocolo.asambleanacional.gob.ec\/?page_id=640\" class=\"elementor-item\">Reglamentos<\/a><\/li>\n<li class=\"menu-item menu-item-type-post_type menu-item-object-page menu-item-658\"><a href=\"https:\/\/protocolo.asambleanacional.gob.ec\/?page_id=143\" class=\"elementor-item\">Contacto<\/a><\/li>\n<\/ul><\/nav>\n\t\t\t\t<\/div>\n\t\t\t\t<\/div>\n\t\t\t\t<div class=\"elementor-element elementor-element-20340ef elementor-widget elementor-widget-heading\" data-id=\"20340ef\" data-element_type=\"widget\" data-widget_type=\"heading.default\">\n\t\t\t\t<div class=\"elementor-widget-container\">\n\t\t\t<h2 class=\"elementor-heading-title elementor-size-default\">\"En cada detalle, protocolo; en cada evento, excelencia\"<\/h2>\t\t<\/div>\n\t\t\t\t<\/div>\n\t\t\t\t\t<\/div>\n\t\t<\/div>\n\t\t\t\t\t<\/div>\n\t\t<\/section>\n\t\t\t\t<section class=\"elementor-section elementor-top-section elementor-element elementor-element-e4eecd1 elementor-section-boxed elementor-section-height-default elementor-section-height-default\" data-id=\"e4eecd1\" data-element_type=\"section\">\n\t\t\t\t\t\t<div class=\"elementor-container elementor-column-gap-default\">\n\t\t\t\t\t<div class=\"elementor-column elementor-col-100 elementor-top-column elementor-element elementor-element-dbb2a8c\" data-id=\"dbb2a8c\" data-element_type=\"column\">\n\t\t\t<div class=\"elementor-widget-wrap elementor-element-populated\">\n\t\t\t\t\t\t<div class=\"elementor-element elementor-element-20cd823 elementor-widget elementor-widget-image\" data-id=\"20cd823\" data-element_type=\"widget\" data-widget_type=\"image.default\">\n\t\t\t\t<div class=\"elementor-widget-container\">\n\t\t\t\t\t\t\t\t\t\t\t\t\t<img fetchpriority=\"high\" decoding=\"async\" width=\"2560\" height=\"1707\" src=\"https:\/\/protocolo.asambleanacional.gob.ec\/wp-content\/uploads\/2025\/06\/54597593167_8927dbe740_o-scaled.jpg\" class=\"attachment-full size-full wp-image-4107\" alt=\"\" srcset=\"https:\/\/protocolo.asambleanacional.gob.ec\/wp-content\/uploads\/2025\/06\/54597593167_8927dbe740_o-scaled.jpg 2560w, https:\/\/protocolo.asambleanacional.gob.ec\/wp-content\/uploads\/2025\/06\/54597593167_8927dbe740_o-300x200.jpg 300w, https:\/\/protocolo.asambleanacional.gob.ec\/wp-content\/uploads\/2025\/06\/54597593167_8927dbe740_o-1024x683.jpg 1024w, https:\/\/protocolo.asambleanacional.gob.ec\/wp-content\/uploads\/2025\/06\/54597593167_8927dbe740_o-768x512.jpg 768w, https:\/\/protocolo.asambleanacional.gob.ec\/wp-content\/uploads\/2025\/06\/54597593167_8927dbe740_o-1536x1024.jpg 1536w, https:\/\/protocolo.asambleanacional.gob.ec\/wp-content\/uploads\/2025\/06\/54597593167_8927dbe740_o-2048x1365.jpg 2048w\" sizes=\"(max-width: 2560px) 100vw, 2560px\" \/>\t\t\t\t\t\t\t\t\t\t\t\t\t<\/div>\n\t\t\t\t<\/div>\n\t\t\t\t\t<\/div>\n\t\t<\/div>\n\t\t\t\t\t<\/div>\n\t\t<\/section>\n\t\t\t\t<section class=\"elementor-section elementor-top-section elementor-element elementor-element-7dcb6a4d elementor-section-stretched elementor-section-boxed elementor-section-height-default elementor-section-height-default\" data-id=\"7dcb6a4d\" data-element_type=\"section\" data-settings=\"{&quot;stretch_section&quot;:&quot;section-stretched&quot;}\">\n\t\t\t\t\t\t<div class=\"elementor-container elementor-column-gap-default\">\n\t\t\t\t\t<div class=\"elementor-column elementor-col-100 elementor-top-column elementor-element elementor-element-4787121f\" data-id=\"4787121f\" data-element_type=\"column\">\n\t\t\t<div class=\"elementor-widget-wrap elementor-element-populated\">\n\t\t\t\t\t\t<div class=\"elementor-element elementor-element-5723edd8 elementor-widget elementor-widget-heading\" data-id=\"5723edd8\" data-element_type=\"widget\" data-widget_type=\"heading.default\">\n\t\t\t\t<div class=\"elementor-widget-container\">\n\t\t\t<h2 class=\"elementor-heading-title elementor-size-default\">Asesor\u00eda Protocolar<\/h2>\t\t<\/div>\n\t\t\t\t<\/div>\n\t\t\t\t\t<\/div>\n\t\t<\/div>\n\t\t\t\t\t<\/div>\n\t\t<\/section>\n\t\t\t\t<section class=\"elementor-section elementor-top-section elementor-element elementor-element-7cfdba9d elementor-section-stretched elementor-section-boxed elementor-section-height-default elementor-section-height-default\" data-id=\"7cfdba9d\" data-element_type=\"section\" data-settings=\"{&quot;stretch_section&quot;:&quot;section-stretched&quot;}\">\n\t\t\t\t\t\t<div class=\"elementor-container elementor-column-gap-default\">\n\t\t\t\t\t<div class=\"elementor-column elementor-col-100 elementor-top-column elementor-element elementor-element-3bfbdc96\" data-id=\"3bfbdc96\" data-element_type=\"column\">\n\t\t\t<div class=\"elementor-widget-wrap elementor-element-populated\">\n\t\t\t\t\t\t<div class=\"elementor-element elementor-element-262b9c96 elementor-drop-cap-yes elementor-drop-cap-view-default elementor-widget elementor-widget-text-editor\" data-id=\"262b9c96\" data-element_type=\"widget\" data-settings=\"{&quot;drop_cap&quot;:&quot;yes&quot;}\" data-widget_type=\"text-editor.default\">\n\t\t\t\t<div class=\"elementor-widget-container\">\n\t\t\t\t\t\t\t<p>La asesor\u00eda protocolar se configura como un servicio especializado que, mediante una experiencia consolidada, se convierte en un aliado esencial para la concepci\u00f3n, desarrollo y ejecuci\u00f3n de eventos, ceremonias y actos protocolares. Su objetivo central es brindar orientaci\u00f3n y asistencia personalizada para optimizar el impacto de las actividades protocolares, tanto a nivel nacional como internacional.<\/p>\t\t\t\t\t\t<\/div>\n\t\t\t\t<\/div>\n\t\t\t\t\t<\/div>\n\t\t<\/div>\n\t\t\t\t\t<\/div>\n\t\t<\/section>\n\t\t\t\t<\/div>\n\t\t","protected":false},"excerpt":{"rendered":"<p>\u00abEn cada detalle, protocolo; en cada evento, excelencia\u00bb Asesor\u00eda Protocolar La asesor\u00eda protocolar se configura como un servicio especializado que, mediante una experiencia consolidada, se convierte en un aliado esencial para la concepci\u00f3n, desarrollo y ejecuci\u00f3n de eventos, ceremonias y actos protocolares. Su objetivo central es brindar orientaci\u00f3n y asistencia personalizada para optimizar el impacto [&hellip;]<\/p>\n","protected":false},"author":1,"featured_media":0,"parent":0,"menu_order":0,"comment_status":"closed","ping_status":"closed","template":"","meta":{"footnotes":""},"class_list":["post-1657","page","type-page","status-publish","hentry"],"_links":{"self":[{"href":"https:\/\/protocolo.asambleanacional.gob.ec\/index.php?rest_route=\/wp\/v2\/pages\/1657"}],"collection":[{"href":"https:\/\/protocolo.asambleanacional.gob.ec\/index.php?rest_route=\/wp\/v2\/pages"}],"about":[{"href":"https:\/\/protocolo.asambleanacional.gob.ec\/index.php?rest_route=\/wp\/v2\/types\/page"}],"author":[{"embeddable":true,"href":"https:\/\/protocolo.asambleanacional.gob.ec\/index.php?rest_route=\/wp\/v2\/users\/1"}],"replies":[{"embeddable":true,"href":"https:\/\/protocolo.asambleanacional.gob.ec\/index.php?rest_route=%2Fwp%2Fv2%2Fcomments&post=1657"}],"version-history":[{"count":58,"href":"https:\/\/protocolo.asambleanacional.gob.ec\/index.php?rest_route=\/wp\/v2\/pages\/1657\/revisions"}],"predecessor-version":[{"id":4113,"href":"https:\/\/protocolo.asambleanacional.gob.ec\/index.php?rest_route=\/wp\/v2\/pages\/1657\/revisions\/4113"}],"wp:attachment":[{"href":"https:\/\/protocolo.asambleanacional.gob.ec\/index.php?rest_route=%2Fwp%2Fv2%2Fmedia&parent=1657"}],"curies":[{"name":"wp","href":"https:\/\/api.w.org\/{rel}","templated":true}]}}